{"id":12257,"date":"2022-07-04T20:12:40","date_gmt":"2022-07-05T01:12:40","guid":{"rendered":"https:\/\/www.permapipe.com\/contacts\/trouver-un-representant-local\/"},"modified":"2023-11-28T21:54:29","modified_gmt":"2023-11-29T03:54:29","slug":"trouver-un-representant-local","status":"publish","type":"page","link":"https:\/\/www.permapipe.com\/fr\/contacts\/trouver-un-representant-local\/","title":{"rendered":"Trouver un repr\u00e9sentant local"},"content":{"rendered":"\t\t<div data-elementor-type=\"wp-page\" data-elementor-id=\"12257\" class=\"elementor elementor-12257 elementor-8933\" data-elementor-post-type=\"page\">\n\t\t\t\t\t\t\t\t\t<section class=\"elementor-section elementor-top-section elementor-element elementor-element-7c62cce elementor-section-stretched elementor-section-height-min-height elementor-section-boxed elementor-section-height-default elementor-section-items-middle\" data-id=\"7c62cce\" data-element_type=\"section\" data-settings=\"{&quot;stretch_section&quot;:&quot;section-stretched&quot;,&quot;background_background&quot;:&quot;classic&quot;}\">\n\t\t\t\t\t\t<div class=\"elementor-container elementor-column-gap-default\">\n\t\t\t\t\t<div class=\"elementor-column elementor-col-100 elementor-top-column elementor-element elementor-element-b89a266\" data-id=\"b89a266\" data-element_type=\"column\">\n\t\t\t<div class=\"elementor-widget-wrap elementor-element-populated\">\n\t\t\t\t\t\t\t\t<div class=\"elementor-element elementor-element-27076e6 elementor-widget__width-initial elementor-widget elementor-widget-heading\" data-id=\"27076e6\" data-element_type=\"widget\" data-widget_type=\"heading.default\">\n\t\t\t\t<div class=\"elementor-widget-container\">\n\t\t\t<h2 class=\"elementor-heading-title elementor-size-default\">Trouvez un repr\u00e9sentant PERMA-PIPE pr\u00e8s de chez vous<\/h2>\t\t<\/div>\n\t\t\t\t<\/div>\n\t\t\t\t\t<\/div>\n\t\t<\/div>\n\t\t\t\t\t\t\t<\/div>\n\t\t<\/section>\n\t\t\t\t<section class=\"elementor-section elementor-top-section elementor-element elementor-element-6f1665f elementor-section-stretched elementor-section-boxed elementor-section-height-default elementor-section-height-default\" data-id=\"6f1665f\" data-element_type=\"section\" data-settings=\"{&quot;stretch_section&quot;:&quot;section-stretched&quot;,&quot;background_background&quot;:&quot;classic&quot;}\">\n\t\t\t\t\t\t<div class=\"elementor-container elementor-column-gap-default\">\n\t\t\t\t\t<div class=\"elementor-column elementor-col-100 elementor-top-column elementor-element elementor-element-8b106d0\" data-id=\"8b106d0\" data-element_type=\"column\">\n\t\t\t<div class=\"elementor-widget-wrap elementor-element-populated\">\n\t\t\t\t\t\t\t\t<div class=\"elementor-element elementor-element-df07347 elementor-widget__width-initial elementor-widget elementor-widget-text-editor\" data-id=\"df07347\" data-element_type=\"widget\" data-widget_type=\"text-editor.default\">\n\t\t\t\t<div class=\"elementor-widget-container\">\n\t\t\t\t\t\t\t<p>Nos repr\u00e9sentants du monde entier peuvent vous aider \u00e0 choisir les meilleurs syst\u00e8mes de tuyauterie et services PERMA-PIPE pour r\u00e9pondre aux exigences de votre projet. Veuillez contacter un repr\u00e9sentant pr\u00e8s de chez vous.<\/p>\n<p>Si vous \u00eates dans l\u2019impossibilit\u00e9 de joindre votre repr\u00e9sentant, veuillez contacter PERMA-PIPE au support@permapipeconstructionequipment.online pour obtenir de l\u2019aide.<\/p>\n\t\t\t\t\t\t<\/div>\n\t\t\t\t<\/div>\n\t\t\t\t\t<\/div>\n\t\t<\/div>\n\t\t\t\t\t\t\t<\/div>\n\t\t<\/section>\n\t\t\t\t<section class=\"elementor-section elementor-top-section elementor-element elementor-element-af7dff1 elementor-section-stretched elementor-section-boxed elementor-section-height-default elementor-section-height-default\" data-id=\"af7dff1\" data-element_type=\"section\" data-settings=\"{&quot;stretch_section&quot;:&quot;section-stretched&quot;,&quot;background_background&quot;:&quot;classic&quot;}\">\n\t\t\t\t\t\t<div class=\"elementor-container elementor-column-gap-default\">\n\t\t\t\t\t<div class=\"elementor-column elementor-col-100 elementor-top-column elementor-element elementor-element-60dfb4f\" data-id=\"60dfb4f\" data-element_type=\"column\">\n\t\t\t<div class=\"elementor-widget-wrap elementor-element-populated\">\n\t\t\t\t\t\t\t\t<div class=\"elementor-element elementor-element-65c4161 elementor-widget elementor-widget-miyn-rep-widget-new\" data-id=\"65c4161\" data-element_type=\"widget\" data-widget_type=\"miyn-rep-widget-new.default\">\n\t\t\t\t<div class=\"elementor-widget-container\">\n\t\t\t       <!--  <style type=\"text\/css\">\n            .page-content-area {\n                background-color: #F4F8FA;\n            }\n        <\/style> -->\n        <div class=\"custom-rep-finder-wrapper\">\n        \n                <!-- new section -->\n                <div class=\"find-rep-list-btn\">Find Your Local Rep or Agent<i class=\"fa fa-angle-down\"><\/i><\/div>\n                <div class=\"filter-city-list\">\n                    <h3 value=\"United States\" email=\"don.bendery@permapipe.com\">United States<\/h3>\n                    <ul class=\"location-city\" email=\"don.bendery@permapipe.com\">\n                        <li value=\"Alabama\">Alabama<\/li>\n                        <li value=\"Alaska\">Alaska<\/li>\n                        <li value=\"Arizona\">Arizona<\/li>\n                        <li value=\"Arkansas\">Arkansas<\/li>\n                        <li value=\"California\">California<\/li>\n                        <li value=\"Colorado\">Colorado<\/li>\n                        <li value=\"Connecticut\">Connecticut<\/li>\n                        <li value=\"Delaware\">Delaware<\/li>\n                        <li value=\"Florida\">Florida<\/li>\n                        <li value=\"Georgia\">Georgia<\/li>\n                        <li value=\"Hawaii\">Hawaii<\/li>\n                        <li value=\"Idaho\">Idaho<\/li>\n                        <li value=\"Illinois\">Illinois<\/li>\n                        <li value=\"Indiana\">Indiana<\/li>\n                        <li value=\"Iowa\">Iowa<\/li>\n                        <li value=\"Kansas\">Kansas<\/li>\n                        <li value=\"Kentucky\">Kentucky<\/li>\n                        <li value=\"Louisiana\">Louisiana<\/li>\n                        <li value=\"Maine\">Maine<\/li>\n                        <li value=\"Maryland\">Maryland<\/li>\n                        <li value=\"Massachusetts\">Massachusetts<\/li>\n                        <li value=\"Michigan\">Michigan<\/li>\n                        <li value=\"Minnesota\">Minnesota<\/li>\n\t\t\t<li value=\"Mississippi\">Mississippi<\/li>\n                        <li value=\"Missouri\">Missouri<\/li>\n                        <li value=\"Montana\">Montana<\/li>\n                        <li value=\"Nebraska\">Nebraska<\/li>\n                        <li value=\"Nevada\">Nevada<\/li>\n\t\t\t<li value=\"New Hampshire\">New Hampshire<\/li>\n                        <li value=\"New Jersey\">New Jersey<\/li>\n\t\t\t<li value=\"New Mexico\">New Mexico<\/li>\n\t\t\t<li value=\"New York\">New York<\/li>\n                        <li value=\"North Carolina\">North Carolina<\/li>\n\t\t\t<li value=\"North Dakota\">North Dakota<\/li>\n                        <li value=\"Ohio\">Ohio<\/li>\n\t\t\t<li value=\"Oklahoma\">Oklahoma<\/li>\n\t\t\t<li value=\"Oregon\">Oregon<\/li>\n                        <li value=\"Pennsylvania\">Pennsylvania<\/li>\n                        <li value=\"Puerto Rico\">Puerto Rico<\/li>\n\t\t\t<li value=\"Rhode Island\">Rhode Island<\/li>\n                        <li value=\"South Carolina\">South Carolina<\/li>\n\t\t\t<li value=\"South Dakota\">South Dakota<\/li>\n                        <li value=\"Tennessee\">Tennessee<\/li>\n\t\t\t<li value=\"Texas\">Texas  <\/li>\n                        <li value=\"Utah\">Utah<\/li>\n\t\t\t<li value=\"Vermont\">Vermont<\/li>\n                        <li value=\"Virginia\">Virginia<\/li>\n                        <li value=\"Washington\">Washington<\/li>\n                        <li value=\"West Virginia\">West Virginia<\/li>\n                        <li value=\"Wisconsin\">Wisconsin<\/li>\n                        <li value=\"Wyoming\">Wyoming<\/li>\n                        <li><\/li>\n                        <!--<li value=\"Canada\">Canada<\/li>-->\n                    <\/ul>\n\n                    <h3 value=\"Canada\" email=\"don.bendery@permapipe.com\">Canada<\/h3>\n                    <h3 value=\"Mexico\" email=\"don.bendery@permapipe.com\">Mexico & South America<\/h3>\n\n                    <h3 value=\"International\" email=\"mwicks@permapipe.com\">International<\/h3>\n                    <ul class=\"location-city\" email=\"mwicks@permapipe.com\">\n                      <li value=\"Australia\">Australia<\/li> \n                     <li value=\"Egypt\">Egypt<\/li>\n                     <li value=\"India\">India<\/li>\n                     <li value=\"Kuwait\">Kuwait<\/li>\n                     <li value=\"Oman\">Oman<\/li>\n                      <li value=\"Saudi Arabia\">Saudi Arabia<\/li>\n                      <li value=\"Singapore\">Singapore<\/li>\n                      <li value=\"United Arab Emirates\">United Arab Emirates<\/li>\n                      <li value=\"Others\">Others<\/li>\n                      <li><\/li>\n                    <\/ul>\n                <\/div>\n                <div class=\"filter-heading\"><h2><\/h2><\/div>\n\n                        <div class=\"custom-finder-result-wrapper\">\n                <div class=\"find-rep-loader\"><\/div>\n                <div class=\"custom-rep-finder-area\"><\/div>\n            <\/div>\n                        \n\n            <script>\n\n                \/\/ Check url to see match filter \n                let url = window.location\n                let params = new URLSearchParams(url.search);\n                let country = params.get('country')\n                let city = params.get('city')\n                let region = params.get('region')\n\n                \/\/ open and close list\n                jQuery(document).on('click', '.find-rep-list-btn', function(e){\n                    e.preventDefault();\n                    var list = jQuery('.filter-city-list');\n                    if(list.hasClass('active-list')){\n                        list.removeClass('active-list');  \n                    }else{\n                        list.addClass('active-list');\n                    }   \n                });\n\n\n                \/\/ filter city\n                jQuery(document).on('click', '.filter-city-list li', function(){\n                    var city = jQuery(this).attr('value');\n\n                    \n                    if(city == 'Canada'){\n\n                        console.log(\"city in iff === \"+city);\n                        var cc = '';\n                        var data = {'location-city': city, 'cc' : cc};\n                        ajax_rep_finder(data);\n                    }else{\n                        console.log(\"city in else  === \"+city);\n\n                        var cc = jQuery(this).parent().attr('email');\n                        var data = {'location-city': city, 'cc' : cc};\n                        ajax_rep_finder(data);\n                    }\n                    \n                    jQuery('.filter-heading h2').empty();\n                    \n                    if(city == 'Others'){\n                        jQuery('.filter-heading h2').append('Other Countries');\n                    }else if(city == 'Australia' || city == 'Egypt' || city == 'India' || city == 'Kuwait' || city == 'Oman' || city == 'Saudi Arabia' || city == 'Singapore' || city == 'United Arab Emirates' ){\n                        jQuery('.filter-heading h2').append('Agents In ' + city);\n\n                    }\n                    else {\n                        jQuery('.filter-heading h2').append('Reps In ' + city);\n                    }\n                  \n                    jQuery('.filter-city-list').removeClass('active-list');\n                });\n\n\n\n                \/\/ filter continents\n                jQuery(document).on('click', '.filter-city-list h3', function(){\n                    var continents = jQuery(this).attr('value');\n                    var cc = jQuery(this).attr('email');\n                   if(continents == 'Canada'){\n                        var data = {'query': continents, 'cc' : cc};\n                        ajax_rep_finder(data);\n                        jQuery('.filter-heading h2').empty();\n                        jQuery('.filter-heading h2').append('Reps In ' + continents);\n                        jQuery('.filter-city-list').removeClass('active-list');\n                    }\n                    \n                    if(continents == 'Mexico'){\n                        \/\/console.log(continents);\n                        var data = {'location-city': continents, 'cc' : cc};\n                        ajax_rep_finder(data);\n                        jQuery('.filter-heading h2').empty();\n                        jQuery('.filter-heading h2').append('Reps In ' + continents + ' & South America');\n                        jQuery('.filter-city-list').removeClass('active-list');\n\n                    }else if(continents != 'empty' && continents !== 'Canada' ){\n                        var data = {'query': continents, 'cc' : cc};\n                        ajax_rep_finder(data);\n                        jQuery('.filter-heading h2').empty();\n                        jQuery('.filter-heading h2').append(continents + ' Agents');\n                        jQuery('.filter-city-list').removeClass('active-list');\n\n                    }\n                      \n                });\n                 \n                jQuery(document).on('click', '.rep-pagination-area a', function(e){\n                    e.preventDefault();\n                    \/\/ jQuery('.error-msg').text('');\n                    var pagenum = jQuery(this).text();\n                    var data = {'cpage': pagenum};\n        \t\t    ajax_rep_finder(data)\n                });\n                \n                function ajax_rep_finder(data){\n                    jQuery('.find-rep-loader').fadeIn();\n                    jQuery.ajax({\n                        type: 'post',\n                        url: path+'\/wp-admin\/admin-ajax.php',\n                        data: {\n                            action: 'custom_find_rep',\n                            'data-list': data\n                        },\n                    }).done(function(response) {\n                        if (response['html']) {\n                            jQuery('.find-rep-loader').fadeOut();\n                            \/\/ jQuery('.store-error').text(response['success']);\n                            jQuery('.custom-finder-result-wrapper').html(response['html']);\n                        } \n                        else {\n                            jQuery('.find-rep-loader').fadeOut();\n                            jQuery('.custom-finder-result-wrapper').html('');\n                        }\n                    }).fail(function(response) {\n                        \n                        jQuery('.find-rep-loader').fadeOut();\n                        console.log('failed');\n                    });\n                }\n            <\/script>\n            \n        <\/div>\n        \t\t<\/div>\n\t\t\t\t<\/div>\n\t\t\t\t\t<\/div>\n\t\t<\/div>\n\t\t\t\t\t\t\t<\/div>\n\t\t<\/section>\n\t\t\t\t\t\t\t<\/div>\n\t\t","protected":false},"excerpt":{"rendered":"<p>Trouvez un repr\u00e9sentant PERMA-PIPE pr\u00e8s de chez vous Nos repr\u00e9sentants du monde entier peuvent vous aider \u00e0 choisir les meilleurs syst\u00e8mes de tuyauterie et services PERMA-PIPE pour r\u00e9pondre aux exigences de votre projet. Veuillez contacter un repr\u00e9sentant pr\u00e8s de chez vous. Si vous \u00eates dans l\u2019impossibilit\u00e9 de joindre votre repr\u00e9sentant, veuillez contacter PERMA-PIPE au support@permapipeconstructionequipment.online [&hellip;]<\/p>\n","protected":false},"author":4,"featured_media":0,"parent":11959,"menu_order":0,"comment_status":"closed","ping_status":"closed","template":"","meta":[],"yoast_head":"<!-- This site is optimized with the Yoast SEO Premium plugin v20.1 (Yoast SEO v20.1) - https:\/\/yoast.com\/wordpress\/plugins\/seo\/ -->\n<title>Trouver un repr\u00e9sentant local - Global Engineered Pipe Services<\/title>\n<meta name=\"description\" content=\"Saisissez et recherchez des repr\u00e9sentants locaux par adresse, nom de soci\u00e9t\u00e9, nom du PDG ou march\u00e9 industriel. Consultez notre site Web!\" \/>\n<meta name=\"robots\" content=\"index, follow, max-snippet:-1, max-image-preview:large, max-video-preview:-1\" \/>\n<link rel=\"canonical\" href=\"https:\/\/www.permapipe.com\/fr\/contacts\/trouver-un-representant-local\/\" \/>\n<meta property=\"og:locale\" content=\"fr_CA\" \/>\n<meta property=\"og:type\" content=\"article\" \/>\n<meta property=\"og:title\" content=\"Trouver un repr\u00e9sentant local\" \/>\n<meta property=\"og:description\" content=\"Saisissez et recherchez des repr\u00e9sentants locaux par adresse, nom de soci\u00e9t\u00e9, nom du PDG ou march\u00e9 industriel. Consultez notre site Web!\" \/>\n<meta property=\"og:url\" content=\"https:\/\/www.permapipe.com\/fr\/contacts\/trouver-un-representant-local\/\" \/>\n<meta property=\"og:site_name\" content=\"Global Engineered Pipe Services\" \/>\n<meta property=\"article:modified_time\" content=\"2023-11-29T03:54:29+00:00\" \/>\n<meta name=\"twitter:card\" content=\"summary_large_image\" \/>\n<meta name=\"twitter:label1\" content=\"Estimation du temps de lecture\" \/>\n\t<meta name=\"twitter:data1\" content=\"1 minute\" \/>\n<script type=\"application\/ld+json\" class=\"yoast-schema-graph\">{\"@context\":\"https:\/\/schema.org\",\"@graph\":[{\"@type\":\"WebPage\",\"@id\":\"https:\/\/www.permapipe.com\/fr\/contacts\/trouver-un-representant-local\/\",\"url\":\"https:\/\/www.permapipe.com\/fr\/contacts\/trouver-un-representant-local\/\",\"name\":\"Trouver un repr\u00e9sentant local - Global Engineered Pipe Services\",\"isPartOf\":{\"@id\":\"https:\/\/www.permapipe.com\/#website\"},\"datePublished\":\"2022-07-05T01:12:40+00:00\",\"dateModified\":\"2023-11-29T03:54:29+00:00\",\"description\":\"Saisissez et recherchez des repr\u00e9sentants locaux par adresse, nom de soci\u00e9t\u00e9, nom du PDG ou march\u00e9 industriel. Consultez notre site Web!\",\"breadcrumb\":{\"@id\":\"https:\/\/www.permapipe.com\/fr\/contacts\/trouver-un-representant-local\/#breadcrumb\"},\"inLanguage\":\"fr-CA\",\"potentialAction\":[{\"@type\":\"ReadAction\",\"target\":[\"https:\/\/www.permapipe.com\/fr\/contacts\/trouver-un-representant-local\/\"]}]},{\"@type\":\"BreadcrumbList\",\"@id\":\"https:\/\/www.permapipe.com\/fr\/contacts\/trouver-un-representant-local\/#breadcrumb\",\"itemListElement\":[{\"@type\":\"ListItem\",\"position\":1,\"name\":\"Home\",\"item\":\"https:\/\/www.permapipe.com\/fr\/page-daccueil\/\"},{\"@type\":\"ListItem\",\"position\":2,\"name\":\"Contacts\",\"item\":\"https:\/\/www.permapipe.com\/fr\/contacts\/\"},{\"@type\":\"ListItem\",\"position\":3,\"name\":\"Trouver un repr\u00e9sentant local\"}]},{\"@type\":\"WebSite\",\"@id\":\"https:\/\/www.permapipe.com\/#website\",\"url\":\"https:\/\/www.permapipe.com\/\",\"name\":\"Global Engineered Pipe Services\",\"description\":\"\",\"publisher\":{\"@id\":\"https:\/\/www.permapipe.com\/#organization\"},\"potentialAction\":[{\"@type\":\"SearchAction\",\"target\":{\"@type\":\"EntryPoint\",\"urlTemplate\":\"https:\/\/www.permapipe.com\/?s={search_term_string}\"},\"query-input\":\"required name=search_term_string\"}],\"inLanguage\":\"fr-CA\"},{\"@type\":\"Organization\",\"@id\":\"https:\/\/www.permapipe.com\/#organization\",\"name\":\"PERMA-PIPE\",\"url\":\"https:\/\/www.permapipe.com\/\",\"logo\":{\"@type\":\"ImageObject\",\"inLanguage\":\"fr-CA\",\"@id\":\"https:\/\/www.permapipe.com\/#\/schema\/logo\/image\/\",\"url\":\"http:\/\/www.permapipe.com\/wp-content\/uploads\/2021\/04\/logo.png\",\"contentUrl\":\"http:\/\/www.permapipe.com\/wp-content\/uploads\/2021\/04\/logo.png\",\"width\":1842,\"height\":310,\"caption\":\"PERMA-PIPE\"},\"image\":{\"@id\":\"https:\/\/www.permapipe.com\/#\/schema\/logo\/image\/\"}}]}<\/script>\n<!-- \/ Yoast SEO Premium plugin. -->","yoast_head_json":{"title":"Trouver un repr\u00e9sentant local - Global Engineered Pipe Services","description":"Saisissez et recherchez des repr\u00e9sentants locaux par adresse, nom de soci\u00e9t\u00e9, nom du PDG ou march\u00e9 industriel. Consultez notre site Web!","robots":{"index":"index","follow":"follow","max-snippet":"max-snippet:-1","max-image-preview":"max-image-preview:large","max-video-preview":"max-video-preview:-1"},"canonical":"https:\/\/www.permapipe.com\/fr\/contacts\/trouver-un-representant-local\/","og_locale":"fr_CA","og_type":"article","og_title":"Trouver un repr\u00e9sentant local","og_description":"Saisissez et recherchez des repr\u00e9sentants locaux par adresse, nom de soci\u00e9t\u00e9, nom du PDG ou march\u00e9 industriel. Consultez notre site Web!","og_url":"https:\/\/www.permapipe.com\/fr\/contacts\/trouver-un-representant-local\/","og_site_name":"Global Engineered Pipe Services","article_modified_time":"2023-11-29T03:54:29+00:00","twitter_card":"summary_large_image","twitter_misc":{"Estimation du temps de lecture":"1 minute"},"schema":{"@context":"https:\/\/schema.org","@graph":[{"@type":"WebPage","@id":"https:\/\/www.permapipe.com\/fr\/contacts\/trouver-un-representant-local\/","url":"https:\/\/www.permapipe.com\/fr\/contacts\/trouver-un-representant-local\/","name":"Trouver un repr\u00e9sentant local - Global Engineered Pipe Services","isPartOf":{"@id":"https:\/\/www.permapipe.com\/#website"},"datePublished":"2022-07-05T01:12:40+00:00","dateModified":"2023-11-29T03:54:29+00:00","description":"Saisissez et recherchez des repr\u00e9sentants locaux par adresse, nom de soci\u00e9t\u00e9, nom du PDG ou march\u00e9 industriel. Consultez notre site Web!","breadcrumb":{"@id":"https:\/\/www.permapipe.com\/fr\/contacts\/trouver-un-representant-local\/#breadcrumb"},"inLanguage":"fr-CA","potentialAction":[{"@type":"ReadAction","target":["https:\/\/www.permapipe.com\/fr\/contacts\/trouver-un-representant-local\/"]}]},{"@type":"BreadcrumbList","@id":"https:\/\/www.permapipe.com\/fr\/contacts\/trouver-un-representant-local\/#breadcrumb","itemListElement":[{"@type":"ListItem","position":1,"name":"Home","item":"https:\/\/www.permapipe.com\/fr\/page-daccueil\/"},{"@type":"ListItem","position":2,"name":"Contacts","item":"https:\/\/www.permapipe.com\/fr\/contacts\/"},{"@type":"ListItem","position":3,"name":"Trouver un repr\u00e9sentant local"}]},{"@type":"WebSite","@id":"https:\/\/www.permapipe.com\/#website","url":"https:\/\/www.permapipe.com\/","name":"Global Engineered Pipe Services","description":"","publisher":{"@id":"https:\/\/www.permapipe.com\/#organization"},"potentialAction":[{"@type":"SearchAction","target":{"@type":"EntryPoint","urlTemplate":"https:\/\/www.permapipe.com\/?s={search_term_string}"},"query-input":"required name=search_term_string"}],"inLanguage":"fr-CA"},{"@type":"Organization","@id":"https:\/\/www.permapipe.com\/#organization","name":"PERMA-PIPE","url":"https:\/\/www.permapipe.com\/","logo":{"@type":"ImageObject","inLanguage":"fr-CA","@id":"https:\/\/www.permapipe.com\/#\/schema\/logo\/image\/","url":"http:\/\/www.permapipe.com\/wp-content\/uploads\/2021\/04\/logo.png","contentUrl":"http:\/\/www.permapipe.com\/wp-content\/uploads\/2021\/04\/logo.png","width":1842,"height":310,"caption":"PERMA-PIPE"},"image":{"@id":"https:\/\/www.permapipe.com\/#\/schema\/logo\/image\/"}}]}},"_links":{"self":[{"href":"https:\/\/www.permapipe.com\/fr\/wp-json\/wp\/v2\/pages\/12257"}],"collection":[{"href":"https:\/\/www.permapipe.com\/fr\/wp-json\/wp\/v2\/pages"}],"about":[{"href":"https:\/\/www.permapipe.com\/fr\/wp-json\/wp\/v2\/types\/page"}],"author":[{"embeddable":true,"href":"https:\/\/www.permapipe.com\/fr\/wp-json\/wp\/v2\/users\/4"}],"replies":[{"embeddable":true,"href":"https:\/\/www.permapipe.com\/fr\/wp-json\/wp\/v2\/comments?post=12257"}],"version-history":[{"count":1,"href":"https:\/\/www.permapipe.com\/fr\/wp-json\/wp\/v2\/pages\/12257\/revisions"}],"predecessor-version":[{"id":12267,"href":"https:\/\/www.permapipe.com\/fr\/wp-json\/wp\/v2\/pages\/12257\/revisions\/12267"}],"up":[{"embeddable":true,"href":"https:\/\/www.permapipe.com\/fr\/wp-json\/wp\/v2\/pages\/11959"}],"wp:attachment":[{"href":"https:\/\/www.permapipe.com\/fr\/wp-json\/wp\/v2\/media?parent=12257"}],"curies":[{"name":"wp","href":"https:\/\/api.w.org\/{rel}","templated":true}]}}