{"id":12144,"date":"2021-03-27T17:27:43","date_gmt":"2021-03-27T22:27:43","guid":{"rendered":"https:\/\/www.permapipe.com\/a-propos\/sante-securite-et-environnement-sse\/"},"modified":"2023-11-28T21:54:00","modified_gmt":"2023-11-29T03:54:00","slug":"sante-securite-et-environnement-sse","status":"publish","type":"page","link":"https:\/\/www.permapipe.com\/fr\/a-propos\/sante-securite-et-environnement-sse\/","title":{"rendered":"Sant\u00e9, s\u00e9curit\u00e9 et environnement (SSE)"},"content":{"rendered":"\t\t<div data-elementor-type=\"wp-page\" data-elementor-id=\"12144\" class=\"elementor elementor-12144 elementor-2373\" data-elementor-post-type=\"page\">\n\t\t\t\t\t\t\t\t\t<section class=\"elementor-section elementor-top-section elementor-element elementor-element-7c4ba92 elementor-section-stretched elementor-section-height-min-height elementor-section-boxed elementor-section-height-default elementor-section-items-middle\" data-id=\"7c4ba92\" data-element_type=\"section\" data-settings=\"{&quot;stretch_section&quot;:&quot;section-stretched&quot;,&quot;background_background&quot;:&quot;classic&quot;}\">\n\t\t\t\t\t\t\t<div class=\"elementor-background-overlay\"><\/div>\n\t\t\t\t\t\t\t<div class=\"elementor-container elementor-column-gap-default\">\n\t\t\t\t\t<div class=\"elementor-column elementor-col-100 elementor-top-column elementor-element elementor-element-22571d2\" data-id=\"22571d2\" data-element_type=\"column\">\n\t\t\t<div class=\"elementor-widget-wrap elementor-element-populated\">\n\t\t\t\t\t\t\t\t<div class=\"elementor-element elementor-element-956bca2 elementor-widget elementor-widget-heading\" data-id=\"956bca2\" data-element_type=\"widget\" data-widget_type=\"heading.default\">\n\t\t\t\t<div class=\"elementor-widget-container\">\n\t\t\t<h2 class=\"elementor-heading-title elementor-size-default\">POLITIQUE EN MATI\u00c8RE DE SSE<\/h2>\t\t<\/div>\n\t\t\t\t<\/div>\n\t\t\t\t<div class=\"elementor-element elementor-element-9b1ab50 elementor-widget__width-initial elementor-widget elementor-widget-text-editor\" data-id=\"9b1ab50\" data-element_type=\"widget\" data-widget_type=\"text-editor.default\">\n\t\t\t\t<div class=\"elementor-widget-container\">\n\t\t\t\t\t\t\t<p>Notre engagement en mati\u00e8re de sant\u00e9, de s\u00e9curit\u00e9 et d\u2019environnement (SSE) r\u00e9git tout ce que nous faisons, en tout temps.<\/p>\n\t\t\t\t\t\t<\/div>\n\t\t\t\t<\/div>\n\t\t\t\t\t<\/div>\n\t\t<\/div>\n\t\t\t\t\t\t\t<\/div>\n\t\t<\/section>\n\t\t\t\t<section class=\"elementor-section elementor-top-section elementor-element elementor-element-bdb1691 elementor-section-stretched elementor-section-boxed elementor-section-height-default elementor-section-height-default\" data-id=\"bdb1691\" data-element_type=\"section\" data-settings=\"{&quot;stretch_section&quot;:&quot;section-stretched&quot;}\">\n\t\t\t\t\t\t<div class=\"elementor-container elementor-column-gap-default\">\n\t\t\t\t\t<div class=\"elementor-column elementor-col-100 elementor-top-column elementor-element elementor-element-c3aa6c0\" data-id=\"c3aa6c0\" data-element_type=\"column\">\n\t\t\t<div class=\"elementor-widget-wrap elementor-element-populated\">\n\t\t\t\t\t\t\t\t<section class=\"elementor-section elementor-inner-section elementor-element elementor-element-95b0124 elementor-section-full_width elementor-section-height-default elementor-section-height-default\" data-id=\"95b0124\" data-element_type=\"section\">\n\t\t\t\t\t\t<div class=\"elementor-container elementor-column-gap-default\">\n\t\t\t\t\t<div class=\"elementor-column elementor-col-100 elementor-inner-column elementor-element elementor-element-acf7059\" data-id=\"acf7059\" data-element_type=\"column\">\n\t\t\t<div class=\"elementor-widget-wrap elementor-element-populated\">\n\t\t\t\t\t\t\t\t<div class=\"elementor-element elementor-element-9d65adc elementor-widget elementor-widget-image\" data-id=\"9d65adc\" data-element_type=\"widget\" data-widget_type=\"image.default\">\n\t\t\t\t<div class=\"elementor-widget-container\">\n\t\t\t\t\t\t\t\t\t\t\t\t\t\t\t<img width=\"1024\" height=\"525\" src=\"https:\/\/www.permapipe.com\/wp-content\/uploads\/2021\/03\/Safety-PPEG-2.webp\" class=\"attachment-full size-full wp-image-2405\" alt=\"Safety\" loading=\"lazy\" \/>\t\t\t\t\t\t\t\t\t\t\t\t\t\t\t<\/div>\n\t\t\t\t<\/div>\n\t\t\t\t<div class=\"elementor-element elementor-element-f69fbfc elementor-widget__width-initial elementor-widget elementor-widget-text-editor\" data-id=\"f69fbfc\" data-element_type=\"widget\" data-widget_type=\"text-editor.default\">\n\t\t\t\t<div class=\"elementor-widget-container\">\n\t\t\t\t\t\t\t<p>Nos principes, notre vision et notre engagement en mati\u00e8re de sant\u00e9, de s\u00e9curit\u00e9 et d\u2019environnement sont d\u00e9finis dans notre politique SSE. Ces guides politiques constituent nos op\u00e9rations et actions quotidiennes et servent de r\u00e9f\u00e9rence importante pour l\u2019\u00e9valuation et l\u2019am\u00e9lioration de nos performances.<\/p>\n\t\t\t\t\t\t<\/div>\n\t\t\t\t<\/div>\n\t\t\t\t\t<\/div>\n\t\t<\/div>\n\t\t\t\t\t\t\t<\/div>\n\t\t<\/section>\n\t\t\t\t\t<\/div>\n\t\t<\/div>\n\t\t\t\t\t\t\t<\/div>\n\t\t<\/section>\n\t\t\t\t<section class=\"elementor-section elementor-top-section elementor-element elementor-element-606c445 elementor-section-stretched elementor-section-boxed elementor-section-height-default elementor-section-height-default\" data-id=\"606c445\" data-element_type=\"section\" data-settings=\"{&quot;stretch_section&quot;:&quot;section-stretched&quot;,&quot;background_background&quot;:&quot;classic&quot;}\">\n\t\t\t\t\t\t<div class=\"elementor-container elementor-column-gap-default\">\n\t\t\t\t\t<div class=\"elementor-column elementor-col-100 elementor-top-column elementor-element elementor-element-94ea1e3\" data-id=\"94ea1e3\" data-element_type=\"column\">\n\t\t\t<div class=\"elementor-widget-wrap elementor-element-populated\">\n\t\t\t\t\t\t\t\t<div class=\"elementor-element elementor-element-bed51b9 elementor-widget elementor-widget-heading\" data-id=\"bed51b9\" data-element_type=\"widget\" data-widget_type=\"heading.default\">\n\t\t\t\t<div class=\"elementor-widget-container\">\n\t\t\t<h2 class=\"elementor-heading-title elementor-size-default\">Politique en mati\u00e8re de sant\u00e9, de s\u00e9curit\u00e9 et d\u2019environnement (SSE)<\/h2>\t\t<\/div>\n\t\t\t\t<\/div>\n\t\t\t\t<div class=\"elementor-element elementor-element-a34db03 elementor-widget elementor-widget-text-editor\" data-id=\"a34db03\" data-element_type=\"widget\" data-widget_type=\"text-editor.default\">\n\t\t\t\t<div class=\"elementor-widget-container\">\n\t\t\t\t\t\t\t<p class=\"font_4\">PERMA-PIPE s\u2019engage \u00e0 assurer la sant\u00e9 et la s\u00e9curit\u00e9 de ses employ\u00e9s et \u00e0 prot\u00e9ger l\u2019environnement naturel en r\u00e9duisant et en pr\u00e9venant la pollution, en \u00e9conomisant l\u2019\u00e9nergie et en pr\u00e9servant les ressources naturelles.<\/p>\n\t\t\t\t\t\t<\/div>\n\t\t\t\t<\/div>\n\t\t\t\t<div class=\"elementor-element elementor-element-d617e45 elementor-widget elementor-widget-heading\" data-id=\"d617e45\" data-element_type=\"widget\" data-widget_type=\"heading.default\">\n\t\t\t\t<div class=\"elementor-widget-container\">\n\t\t\t<h2 class=\"elementor-heading-title elementor-size-default\">Nos objectifs en mati\u00e8re de SSE sont les suivants\u00a0:<\/h2>\t\t<\/div>\n\t\t\t\t<\/div>\n\t\t\t\t<div class=\"elementor-element elementor-element-35fd8fe elementor-widget elementor-widget-text-editor\" data-id=\"35fd8fe\" data-element_type=\"widget\" data-widget_type=\"text-editor.default\">\n\t\t\t\t<div class=\"elementor-widget-container\">\n\t\t\t\t\t\t\t<ul>\n<li>Aucun accident du travail<\/li>\n<li>Aucun dommage \u00e0 l\u2019environnement<\/li>\n<li>Respecter ou d\u00e9passer les lois, les r\u00e9glementations, les obligations de conformit\u00e9 et les exigences des clients en mati\u00e8re de SSE<\/li>\n<li>Am\u00e9liorer en permanence nos programmes et nos performances en mati\u00e8re de sant\u00e9, de s\u00e9curit\u00e9 et d\u2019environnement (SSE)<\/li>\n<\/ul>\n\t\t\t\t\t\t<\/div>\n\t\t\t\t<\/div>\n\t\t\t\t<div class=\"elementor-element elementor-element-bd3e552 elementor-widget elementor-widget-heading\" data-id=\"bd3e552\" data-element_type=\"widget\" data-widget_type=\"heading.default\">\n\t\t\t\t<div class=\"elementor-widget-container\">\n\t\t\t<h2 class=\"elementor-heading-title elementor-size-default\">Pour respecter notre engagement, nous nous engageons \u00e0\u00a0:<\/h2>\t\t<\/div>\n\t\t\t\t<\/div>\n\t\t\t\t<div class=\"elementor-element elementor-element-2f715f0 elementor-widget elementor-widget-text-editor\" data-id=\"2f715f0\" data-element_type=\"widget\" data-widget_type=\"text-editor.default\">\n\t\t\t\t<div class=\"elementor-widget-container\">\n\t\t\t\t\t\t\t<ul>\n<li>Promouvoir une culture o\u00f9 la s\u00e9curit\u00e9 personnelle est une valeur<\/li>\n<li>Promouvoir une culture dans laquelle la production et la commodit\u00e9 ne prennent jamais le pas sur la s\u00e9curit\u00e9<\/li>\n<li>Promouvoir une culture o\u00f9 aucune blessure n\u2019est acceptable et o\u00f9 toutes les blessures peuvent \u00eatre \u00e9vit\u00e9es<\/li>\n<li>Fournir \u00e0 nos employ\u00e9s l\u2019\u00e9ducation, la formation et les informations qui leur permettent de se prot\u00e9ger et de prot\u00e9ger leurs coll\u00e8gues et l\u2019environnement<\/li>\n<li>Promouvoir une culture non punitive o\u00f9 tous les employ\u00e9s sont cens\u00e9s et encourag\u00e9s \u00e0 poser ouvertement des questions ou des pr\u00e9occupations concernant leur propre s\u00e9curit\u00e9 et celle de leurs coll\u00e8gues.<\/li>\n<li>\u00c9laborer et mettre en \u0153uvre des politiques, des programmes et des proc\u00e9dures SSE qui permettent d\u2019\u00e9liminer les risques de s\u00e9curit\u00e9 et de pr\u00e9venir les incidents<\/li>\n<li>Fournir un environnement de travail o\u00f9\u00a0:\n<ul>\n<li>La sant\u00e9 et la s\u00e9curit\u00e9 sont une priorit\u00e9 absolue<\/li>\n<li>La pr\u00e9vention des incidents est une priorit\u00e9<\/li>\n<li>Tous les employ\u00e9s sont impliqu\u00e9s et responsables de la s\u00e9curit\u00e9<\/li>\n<li>Les employ\u00e9s sont consult\u00e9s et participent au programme SSE<\/li>\n<li>Tout employ\u00e9 peut interrompre le travail si des conditions dangereuses existent ou sont d\u00e9cel\u00e9es<\/li>\n<\/ul>\n<\/li>\n<li>Enqu\u00eater sur tous les incidents afin d\u2019en d\u00e9terminer les causes fondamentales et de prendre des mesures pr\u00e9ventives et correctives<\/li>\n<li>Fixer des objectifs de performance en mati\u00e8re de SSE, mesurer les r\u00e9sultats et proc\u00e9der \u00e0 des examens p\u00e9riodiques de la pr\u00e9sente politique et de nos programmes de SSE afin d\u2019en \u00e9valuer l\u2019efficacit\u00e9 et de cerner les possibilit\u00e9s d\u2019am\u00e9lioration continue<\/li>\n<li>R\u00e9duire, recycler et r\u00e9utiliser les d\u00e9chets dans la mesure du possible et \u00e9liminer tous les d\u00e9chets conform\u00e9ment aux lois et r\u00e9glementations en vigueur<\/li>\n<li>Promouvoir la r\u00e9duction de la consommation d\u2019\u00e9nergie dans toutes nos activit\u00e9s<\/li>\n<\/ul>\n\t\t\t\t\t\t<\/div>\n\t\t\t\t<\/div>\n\t\t\t\t\t<\/div>\n\t\t<\/div>\n\t\t\t\t\t\t\t<\/div>\n\t\t<\/section>\n\t\t\t\t\t\t\t<\/div>\n\t\t","protected":false},"excerpt":{"rendered":"<p>POLITIQUE EN MATI\u00c8RE DE SSE Notre engagement en mati\u00e8re de sant\u00e9, de s\u00e9curit\u00e9 et d\u2019environnement (SSE) r\u00e9git tout ce que nous faisons, en tout temps. Nos principes, notre vision et notre engagement en mati\u00e8re de sant\u00e9, de s\u00e9curit\u00e9 et d\u2019environnement sont d\u00e9finis dans notre politique SSE. Ces guides politiques constituent nos op\u00e9rations et actions quotidiennes [&hellip;]<\/p>\n","protected":false},"author":1,"featured_media":0,"parent":12080,"menu_order":0,"comment_status":"closed","ping_status":"closed","template":"","meta":[],"yoast_head":"<!-- This site is optimized with the Yoast SEO Premium plugin v20.1 (Yoast SEO v20.1) - https:\/\/yoast.com\/wordpress\/plugins\/seo\/ -->\n<title>Sant\u00e9, s\u00e9curit\u00e9 et environnement (SSE) - Global Engineered Pipe Services<\/title>\n<meta name=\"robots\" content=\"index, follow, max-snippet:-1, max-image-preview:large, max-video-preview:-1\" \/>\n<link rel=\"canonical\" href=\"https:\/\/www.permapipe.com\/fr\/a-propos\/sante-securite-et-environnement-sse\/\" \/>\n<meta property=\"og:locale\" content=\"fr_CA\" \/>\n<meta property=\"og:type\" content=\"article\" \/>\n<meta property=\"og:title\" content=\"Sant\u00e9, s\u00e9curit\u00e9 et environnement (SSE)\" \/>\n<meta property=\"og:description\" content=\"POLITIQUE EN MATI\u00c8RE DE SSE Notre engagement en mati\u00e8re de sant\u00e9, de s\u00e9curit\u00e9 et d\u2019environnement (SSE) r\u00e9git tout ce que nous faisons, en tout temps. Nos principes, notre vision et notre engagement en mati\u00e8re de sant\u00e9, de s\u00e9curit\u00e9 et d\u2019environnement sont d\u00e9finis dans notre politique SSE. Ces guides politiques constituent nos op\u00e9rations et actions quotidiennes [&hellip;]\" \/>\n<meta property=\"og:url\" content=\"https:\/\/www.permapipe.com\/fr\/a-propos\/sante-securite-et-environnement-sse\/\" \/>\n<meta property=\"og:site_name\" content=\"Global Engineered Pipe Services\" \/>\n<meta property=\"article:modified_time\" content=\"2023-11-29T03:54:00+00:00\" \/>\n<meta property=\"og:image\" content=\"https:\/\/www.permapipe.com\/wp-content\/uploads\/2021\/03\/Safety-PPEG-2.webp\" \/>\n<meta name=\"twitter:card\" content=\"summary_large_image\" \/>\n<meta name=\"twitter:label1\" content=\"Estimation du temps de lecture\" \/>\n\t<meta name=\"twitter:data1\" content=\"3 minutes\" \/>\n<script type=\"application\/ld+json\" class=\"yoast-schema-graph\">{\"@context\":\"https:\/\/schema.org\",\"@graph\":[{\"@type\":\"WebPage\",\"@id\":\"https:\/\/www.permapipe.com\/fr\/a-propos\/sante-securite-et-environnement-sse\/\",\"url\":\"https:\/\/www.permapipe.com\/fr\/a-propos\/sante-securite-et-environnement-sse\/\",\"name\":\"Sant\u00e9, s\u00e9curit\u00e9 et environnement (SSE) - Global Engineered Pipe Services\",\"isPartOf\":{\"@id\":\"https:\/\/www.permapipe.com\/#website\"},\"datePublished\":\"2021-03-27T22:27:43+00:00\",\"dateModified\":\"2023-11-29T03:54:00+00:00\",\"breadcrumb\":{\"@id\":\"https:\/\/www.permapipe.com\/fr\/a-propos\/sante-securite-et-environnement-sse\/#breadcrumb\"},\"inLanguage\":\"fr-CA\",\"potentialAction\":[{\"@type\":\"ReadAction\",\"target\":[\"https:\/\/www.permapipe.com\/fr\/a-propos\/sante-securite-et-environnement-sse\/\"]}]},{\"@type\":\"BreadcrumbList\",\"@id\":\"https:\/\/www.permapipe.com\/fr\/a-propos\/sante-securite-et-environnement-sse\/#breadcrumb\",\"itemListElement\":[{\"@type\":\"ListItem\",\"position\":1,\"name\":\"Home\",\"item\":\"https:\/\/www.permapipe.com\/fr\/page-daccueil\/\"},{\"@type\":\"ListItem\",\"position\":2,\"name\":\"\u00c0 propos\",\"item\":\"https:\/\/www.permapipe.com\/fr\/a-propos\/\"},{\"@type\":\"ListItem\",\"position\":3,\"name\":\"Sant\u00e9, s\u00e9curit\u00e9 et environnement (SSE)\"}]},{\"@type\":\"WebSite\",\"@id\":\"https:\/\/www.permapipe.com\/#website\",\"url\":\"https:\/\/www.permapipe.com\/\",\"name\":\"Global Engineered Pipe Services\",\"description\":\"\",\"publisher\":{\"@id\":\"https:\/\/www.permapipe.com\/#organization\"},\"potentialAction\":[{\"@type\":\"SearchAction\",\"target\":{\"@type\":\"EntryPoint\",\"urlTemplate\":\"https:\/\/www.permapipe.com\/?s={search_term_string}\"},\"query-input\":\"required name=search_term_string\"}],\"inLanguage\":\"fr-CA\"},{\"@type\":\"Organization\",\"@id\":\"https:\/\/www.permapipe.com\/#organization\",\"name\":\"PERMA-PIPE\",\"url\":\"https:\/\/www.permapipe.com\/\",\"logo\":{\"@type\":\"ImageObject\",\"inLanguage\":\"fr-CA\",\"@id\":\"https:\/\/www.permapipe.com\/#\/schema\/logo\/image\/\",\"url\":\"http:\/\/www.permapipe.com\/wp-content\/uploads\/2021\/04\/logo.png\",\"contentUrl\":\"http:\/\/www.permapipe.com\/wp-content\/uploads\/2021\/04\/logo.png\",\"width\":1842,\"height\":310,\"caption\":\"PERMA-PIPE\"},\"image\":{\"@id\":\"https:\/\/www.permapipe.com\/#\/schema\/logo\/image\/\"}}]}<\/script>\n<!-- \/ Yoast SEO Premium plugin. -->","yoast_head_json":{"title":"Sant\u00e9, s\u00e9curit\u00e9 et environnement (SSE) - Global Engineered Pipe Services","robots":{"index":"index","follow":"follow","max-snippet":"max-snippet:-1","max-image-preview":"max-image-preview:large","max-video-preview":"max-video-preview:-1"},"canonical":"https:\/\/www.permapipe.com\/fr\/a-propos\/sante-securite-et-environnement-sse\/","og_locale":"fr_CA","og_type":"article","og_title":"Sant\u00e9, s\u00e9curit\u00e9 et environnement (SSE)","og_description":"POLITIQUE EN MATI\u00c8RE DE SSE Notre engagement en mati\u00e8re de sant\u00e9, de s\u00e9curit\u00e9 et d\u2019environnement (SSE) r\u00e9git tout ce que nous faisons, en tout temps. Nos principes, notre vision et notre engagement en mati\u00e8re de sant\u00e9, de s\u00e9curit\u00e9 et d\u2019environnement sont d\u00e9finis dans notre politique SSE. Ces guides politiques constituent nos op\u00e9rations et actions quotidiennes [&hellip;]","og_url":"https:\/\/www.permapipe.com\/fr\/a-propos\/sante-securite-et-environnement-sse\/","og_site_name":"Global Engineered Pipe Services","article_modified_time":"2023-11-29T03:54:00+00:00","og_image":[{"url":"https:\/\/www.permapipe.com\/wp-content\/uploads\/2021\/03\/Safety-PPEG-2.webp"}],"twitter_card":"summary_large_image","twitter_misc":{"Estimation du temps de lecture":"3 minutes"},"schema":{"@context":"https:\/\/schema.org","@graph":[{"@type":"WebPage","@id":"https:\/\/www.permapipe.com\/fr\/a-propos\/sante-securite-et-environnement-sse\/","url":"https:\/\/www.permapipe.com\/fr\/a-propos\/sante-securite-et-environnement-sse\/","name":"Sant\u00e9, s\u00e9curit\u00e9 et environnement (SSE) - Global Engineered Pipe Services","isPartOf":{"@id":"https:\/\/www.permapipe.com\/#website"},"datePublished":"2021-03-27T22:27:43+00:00","dateModified":"2023-11-29T03:54:00+00:00","breadcrumb":{"@id":"https:\/\/www.permapipe.com\/fr\/a-propos\/sante-securite-et-environnement-sse\/#breadcrumb"},"inLanguage":"fr-CA","potentialAction":[{"@type":"ReadAction","target":["https:\/\/www.permapipe.com\/fr\/a-propos\/sante-securite-et-environnement-sse\/"]}]},{"@type":"BreadcrumbList","@id":"https:\/\/www.permapipe.com\/fr\/a-propos\/sante-securite-et-environnement-sse\/#breadcrumb","itemListElement":[{"@type":"ListItem","position":1,"name":"Home","item":"https:\/\/www.permapipe.com\/fr\/page-daccueil\/"},{"@type":"ListItem","position":2,"name":"\u00c0 propos","item":"https:\/\/www.permapipe.com\/fr\/a-propos\/"},{"@type":"ListItem","position":3,"name":"Sant\u00e9, s\u00e9curit\u00e9 et environnement (SSE)"}]},{"@type":"WebSite","@id":"https:\/\/www.permapipe.com\/#website","url":"https:\/\/www.permapipe.com\/","name":"Global Engineered Pipe Services","description":"","publisher":{"@id":"https:\/\/www.permapipe.com\/#organization"},"potentialAction":[{"@type":"SearchAction","target":{"@type":"EntryPoint","urlTemplate":"https:\/\/www.permapipe.com\/?s={search_term_string}"},"query-input":"required name=search_term_string"}],"inLanguage":"fr-CA"},{"@type":"Organization","@id":"https:\/\/www.permapipe.com\/#organization","name":"PERMA-PIPE","url":"https:\/\/www.permapipe.com\/","logo":{"@type":"ImageObject","inLanguage":"fr-CA","@id":"https:\/\/www.permapipe.com\/#\/schema\/logo\/image\/","url":"http:\/\/www.permapipe.com\/wp-content\/uploads\/2021\/04\/logo.png","contentUrl":"http:\/\/www.permapipe.com\/wp-content\/uploads\/2021\/04\/logo.png","width":1842,"height":310,"caption":"PERMA-PIPE"},"image":{"@id":"https:\/\/www.permapipe.com\/#\/schema\/logo\/image\/"}}]}},"_links":{"self":[{"href":"https:\/\/www.permapipe.com\/fr\/wp-json\/wp\/v2\/pages\/12144"}],"collection":[{"href":"https:\/\/www.permapipe.com\/fr\/wp-json\/wp\/v2\/pages"}],"about":[{"href":"https:\/\/www.permapipe.com\/fr\/wp-json\/wp\/v2\/types\/page"}],"author":[{"embeddable":true,"href":"https:\/\/www.permapipe.com\/fr\/wp-json\/wp\/v2\/users\/1"}],"replies":[{"embeddable":true,"href":"https:\/\/www.permapipe.com\/fr\/wp-json\/wp\/v2\/comments?post=12144"}],"version-history":[{"count":1,"href":"https:\/\/www.permapipe.com\/fr\/wp-json\/wp\/v2\/pages\/12144\/revisions"}],"predecessor-version":[{"id":12200,"href":"https:\/\/www.permapipe.com\/fr\/wp-json\/wp\/v2\/pages\/12144\/revisions\/12200"}],"up":[{"embeddable":true,"href":"https:\/\/www.permapipe.com\/fr\/wp-json\/wp\/v2\/pages\/12080"}],"wp:attachment":[{"href":"https:\/\/www.permapipe.com\/fr\/wp-json\/wp\/v2\/media?parent=12144"}],"curies":[{"name":"wp","href":"https:\/\/api.w.org\/{rel}","templated":true}]}}