{"id":12109,"date":"2021-10-07T15:22:16","date_gmt":"2021-10-07T20:22:16","guid":{"rendered":"https:\/\/www.permapipe.com\/offres-demploi\/telechargement-du-cv\/"},"modified":"2023-11-28T21:53:57","modified_gmt":"2023-11-29T03:53:57","slug":"telechargement-du-cv","status":"publish","type":"page","link":"https:\/\/www.permapipe.com\/fr\/carrieres\/offres-demploi\/telechargement-du-cv\/","title":{"rendered":"T\u00e9l\u00e9chargement du CV"},"content":{"rendered":"\t\t<div data-elementor-type=\"wp-page\" data-elementor-id=\"12109\" class=\"elementor elementor-12109 elementor-7581\" data-elementor-post-type=\"page\">\n\t\t\t\t\t\t\t\t\t<section class=\"elementor-section elementor-top-section elementor-element elementor-element-cc9ccd8 elementor-section-full_width elementor-section-height-min-height elementor-section-height-default elementor-section-items-middle\" data-id=\"cc9ccd8\" data-element_type=\"section\">\n\t\t\t\t\t\t\t<div class=\"elementor-background-overlay\"><\/div>\n\t\t\t\t\t\t\t<div class=\"elementor-container elementor-column-gap-default\">\n\t\t\t\t\t<div class=\"elementor-column elementor-col-100 elementor-top-column elementor-element elementor-element-55f7601\" data-id=\"55f7601\" data-element_type=\"column\">\n\t\t\t<div class=\"elementor-widget-wrap\">\n\t\t\t\t\t\t\t\t\t<\/div>\n\t\t<\/div>\n\t\t\t\t\t\t\t<\/div>\n\t\t<\/section>\n\t\t\t\t<section class=\"elementor-section elementor-top-section elementor-element elementor-element-7a7ce76 elementor-section-boxed elementor-section-height-default elementor-section-height-default\" data-id=\"7a7ce76\" data-element_type=\"section\" data-settings=\"{&quot;background_background&quot;:&quot;classic&quot;}\">\n\t\t\t\t\t\t<div class=\"elementor-container elementor-column-gap-default\">\n\t\t\t\t\t<div class=\"elementor-column elementor-col-100 elementor-top-column elementor-element elementor-element-dd9cca1\" data-id=\"dd9cca1\" data-element_type=\"column\" data-settings=\"{&quot;background_background&quot;:&quot;classic&quot;}\">\n\t\t\t<div class=\"elementor-widget-wrap elementor-element-populated\">\n\t\t\t\t\t\t\t\t<div class=\"elementor-element elementor-element-247787c elementor-widget elementor-widget-heading\" data-id=\"247787c\" data-element_type=\"widget\" data-widget_type=\"heading.default\">\n\t\t\t\t<div class=\"elementor-widget-container\">\n\t\t\t<h3 class=\"elementor-heading-title elementor-size-default\">T\u00e9l\u00e9chargement du CV<\/h3>\t\t<\/div>\n\t\t\t\t<\/div>\n\t\t\t\t<div class=\"elementor-element elementor-element-99e90f0 elementor-widget elementor-widget-text-editor\" data-id=\"99e90f0\" data-element_type=\"widget\" data-widget_type=\"text-editor.default\">\n\t\t\t\t<div class=\"elementor-widget-container\">\n\t\t\t\t\t\t\t<p>Nous vous remercions de l\u2019int\u00e9r\u00eat que vous portez \u00e0 PERMA-PIPE.\u00a0 Vous pouvez t\u00e9l\u00e9charger votre CV, et nous le conserverons pour l\u2019examiner lors de futures offres d\u2019emploi correspondant \u00e0 vos comp\u00e9tences et \u00e0 votre exp\u00e9rience.<\/p>\n\t\t\t\t\t\t<\/div>\n\t\t\t\t<\/div>\n\t\t\t\t<div class=\"elementor-element elementor-element-184bfd7 elementor-button-align-end elementor-widget elementor-widget-form\" data-id=\"184bfd7\" data-element_type=\"widget\" data-settings=\"{&quot;step_next_label&quot;:&quot;Suivant&quot;,&quot;step_previous_label&quot;:&quot;Pr\\u00e9c\\u00e9dent&quot;,&quot;button_width&quot;:&quot;100&quot;,&quot;step_type&quot;:&quot;number_text&quot;,&quot;step_icon_shape&quot;:&quot;circle&quot;}\" data-widget_type=\"form.default\">\n\t\t\t\t<div class=\"elementor-widget-container\">\n\t\t\t\t\t<form class=\"elementor-form\" method=\"post\" name=\"T\u00e9l\u00e9chargement du CV\">\n\t\t\t<input type=\"hidden\" name=\"post_id\" value=\"12109\"\/>\n\t\t\t<input type=\"hidden\" name=\"form_id\" value=\"184bfd7\"\/>\n\t\t\t<input type=\"hidden\" name=\"referer_title\" value=\"Global Engineered Pipe Services\" \/>\n\n\t\t\t\n\t\t\t<div class=\"elementor-form-fields-wrapper elementor-labels-above\">\n\t\t\t\t\t\t\t\t<div class=\"elementor-field-type-text elementor-field-group elementor-column elementor-field-group-name elementor-col-50\">\n\t\t\t\t\t\t\t\t\t\t\t\t<label for=\"form-field-name\" class=\"elementor-field-label\">\n\t\t\t\t\t\t\t\tPr\u00e9nom\t\t\t\t\t\t\t<\/label>\n\t\t\t\t\t\t\t\t\t\t\t\t\t\t<input size=\"1\" type=\"text\" name=\"form_fields[name]\" id=\"form-field-name\" class=\"elementor-field elementor-size-sm  elementor-field-textual\">\n\t\t\t\t\t\t\t\t\t\t\t<\/div>\n\t\t\t\t\t\t\t\t<div class=\"elementor-field-type-text elementor-field-group elementor-column elementor-field-group-email elementor-col-50 elementor-field-required\">\n\t\t\t\t\t\t\t\t\t\t\t\t<label for=\"form-field-email\" class=\"elementor-field-label\">\n\t\t\t\t\t\t\t\tNom\t\t\t\t\t\t\t<\/label>\n\t\t\t\t\t\t\t\t\t\t\t\t\t\t<input size=\"1\" type=\"text\" name=\"form_fields[email]\" id=\"form-field-email\" class=\"elementor-field elementor-size-sm  elementor-field-textual\" required=\"required\" aria-required=\"true\">\n\t\t\t\t\t\t\t\t\t\t\t<\/div>\n\t\t\t\t\t\t\t\t<div class=\"elementor-field-type-email elementor-field-group elementor-column elementor-field-group-field_a4e979e elementor-col-50\">\n\t\t\t\t\t\t\t\t\t\t\t\t<label for=\"form-field-field_a4e979e\" class=\"elementor-field-label\">\n\t\t\t\t\t\t\t\tAdresse \u00e9lectronique\t\t\t\t\t\t\t<\/label>\n\t\t\t\t\t\t\t\t\t\t\t\t\t\t<input size=\"1\" type=\"email\" name=\"form_fields[field_a4e979e]\" id=\"form-field-field_a4e979e\" class=\"elementor-field elementor-size-sm  elementor-field-textual\">\n\t\t\t\t\t\t\t\t\t\t\t<\/div>\n\t\t\t\t\t\t\t\t<div class=\"elementor-field-type-text elementor-field-group elementor-column elementor-field-group-field_6672078 elementor-col-50\">\n\t\t\t\t\t\t\t\t\t\t\t\t<label for=\"form-field-field_6672078\" class=\"elementor-field-label\">\n\t\t\t\t\t\t\t\tT\u00e9l\u00e9phone\t\t\t\t\t\t\t<\/label>\n\t\t\t\t\t\t\t\t\t\t\t\t\t\t<input size=\"1\" type=\"text\" name=\"form_fields[field_6672078]\" id=\"form-field-field_6672078\" class=\"elementor-field elementor-size-sm  elementor-field-textual\">\n\t\t\t\t\t\t\t\t\t\t\t<\/div>\n\t\t\t\t\t\t\t\t<div class=\"elementor-field-type-text elementor-field-group elementor-column elementor-field-group-field_2e62cbd elementor-col-50\">\n\t\t\t\t\t\t\t\t\t\t\t\t<label for=\"form-field-field_2e62cbd\" class=\"elementor-field-label\">\n\t\t\t\t\t\t\t\tVille\t\t\t\t\t\t\t<\/label>\n\t\t\t\t\t\t\t\t\t\t\t\t\t\t<input size=\"1\" type=\"text\" name=\"form_fields[field_2e62cbd]\" id=\"form-field-field_2e62cbd\" class=\"elementor-field elementor-size-sm  elementor-field-textual\">\n\t\t\t\t\t\t\t\t\t\t\t<\/div>\n\t\t\t\t\t\t\t\t<div class=\"elementor-field-type-text elementor-field-group elementor-column elementor-field-group-field_06365b1 elementor-col-50\">\n\t\t\t\t\t\t\t\t\t\t\t\t<label for=\"form-field-field_06365b1\" class=\"elementor-field-label\">\n\t\t\t\t\t\t\t\tProvince\/pays\t\t\t\t\t\t\t<\/label>\n\t\t\t\t\t\t\t\t\t\t\t\t\t\t<input size=\"1\" type=\"text\" name=\"form_fields[field_06365b1]\" id=\"form-field-field_06365b1\" class=\"elementor-field elementor-size-sm  elementor-field-textual\">\n\t\t\t\t\t\t\t\t\t\t\t<\/div>\n\t\t\t\t\t\t\t\t<div class=\"elementor-field-type-text elementor-field-group elementor-column elementor-field-group-message elementor-col-100\">\n\t\t\t\t\t\t\t\t\t\t\t\t<label for=\"form-field-message\" class=\"elementor-field-label\">\n\t\t\t\t\t\t\t\tDomaine de comp\u00e9tences\t\t\t\t\t\t\t<\/label>\n\t\t\t\t\t\t\t\t\t\t\t\t\t\t<input size=\"1\" type=\"text\" name=\"form_fields[message]\" id=\"form-field-message\" class=\"elementor-field elementor-size-sm  elementor-field-textual\">\n\t\t\t\t\t\t\t\t\t\t\t<\/div>\n\t\t\t\t\t\t\t\t<div class=\"elementor-field-type-upload elementor-field-group elementor-column elementor-field-group-field_fa53a83 elementor-col-100\">\n\t\t\t\t\t\t\t\t\t\t\t\t<label for=\"form-field-field_fa53a83\" class=\"elementor-field-label\">\n\t\t\t\t\t\t\t\tT\u00e9l\u00e9chargez votre CV\t\t\t\t\t\t\t<\/label>\n\t\t\t\t\t\t\t\t<input type=\"file\" name=\"form_fields[field_fa53a83][]\" id=\"form-field-field_fa53a83\" class=\"elementor-field elementor-size-sm  elementor-upload-field\" multiple=\"multiple\" data-maxsize=\"3\" data-maxsize-message=\"Ce fichier d\u00e9passe la taille maximale autoris\u00e9e.\">\n\n\t\t\t\t\t\t<\/div>\n\t\t\t\t\t\t\t\t<div class=\"elementor-field-group elementor-column elementor-field-type-submit elementor-col-100 e-form__buttons\">\n\t\t\t\t\t<button type=\"submit\" class=\"elementor-button elementor-size-sm\">\n\t\t\t\t\t\t<span >\n\t\t\t\t\t\t\t\t\t\t\t\t\t\t\t<span class=\" elementor-button-icon\">\n\t\t\t\t\t\t\t\t\t\t\t\t\t\t\t\t\t\t\t\t\t\t\t\t\t\t<\/span>\n\t\t\t\t\t\t\t\t\t\t\t\t\t\t\t\t\t\t\t\t\t\t<span class=\"elementor-button-text\">Soumettre<\/span>\n\t\t\t\t\t\t\t\t\t\t\t\t\t<\/span>\n\t\t\t\t\t<\/button>\n\t\t\t\t<\/div>\n\t\t\t<\/div>\n\t\t<\/form>\n\t\t\t\t<\/div>\n\t\t\t\t<\/div>\n\t\t\t\t\t<\/div>\n\t\t<\/div>\n\t\t\t\t\t\t\t<\/div>\n\t\t<\/section>\n\t\t\t\t\t\t\t<\/div>\n\t\t","protected":false},"excerpt":{"rendered":"<p>T\u00e9l\u00e9chargement du CV Nous vous remercions de l\u2019int\u00e9r\u00eat que vous portez \u00e0 PERMA-PIPE.\u00a0 Vous pouvez t\u00e9l\u00e9charger votre CV, et nous le conserverons pour l\u2019examiner lors de futures offres d\u2019emploi correspondant \u00e0 vos comp\u00e9tences et \u00e0 votre exp\u00e9rience.<\/p>\n","protected":false},"author":1,"featured_media":0,"parent":12087,"menu_order":0,"comment_status":"closed","ping_status":"closed","template":"elementor_header_footer","meta":[],"yoast_head":"<!-- This site is optimized with the Yoast SEO Premium plugin v20.1 (Yoast SEO v20.1) - https:\/\/yoast.com\/wordpress\/plugins\/seo\/ -->\n<title>T\u00e9l\u00e9chargement du CV - Global Engineered Pipe Services<\/title>\n<meta name=\"robots\" content=\"index, follow, max-snippet:-1, max-image-preview:large, max-video-preview:-1\" \/>\n<link rel=\"canonical\" href=\"https:\/\/www.permapipe.com\/fr\/offres-demploi\/telechargement-du-cv\/\" \/>\n<meta property=\"og:locale\" content=\"fr_CA\" \/>\n<meta property=\"og:type\" content=\"article\" \/>\n<meta property=\"og:title\" content=\"T\u00e9l\u00e9chargement du CV\" \/>\n<meta property=\"og:description\" content=\"T\u00e9l\u00e9chargement du CV Nous vous remercions de l\u2019int\u00e9r\u00eat que vous portez \u00e0 PERMA-PIPE.\u00a0 Vous pouvez t\u00e9l\u00e9charger votre CV, et nous le conserverons pour l\u2019examiner lors de futures offres d\u2019emploi correspondant \u00e0 vos comp\u00e9tences et \u00e0 votre exp\u00e9rience.\" \/>\n<meta property=\"og:url\" content=\"https:\/\/www.permapipe.com\/fr\/offres-demploi\/telechargement-du-cv\/\" \/>\n<meta property=\"og:site_name\" content=\"Global Engineered Pipe Services\" \/>\n<meta property=\"article:modified_time\" content=\"2023-11-29T03:53:57+00:00\" \/>\n<meta name=\"twitter:card\" content=\"summary_large_image\" \/>\n<script type=\"application\/ld+json\" class=\"yoast-schema-graph\">{\"@context\":\"https:\/\/schema.org\",\"@graph\":[{\"@type\":\"WebPage\",\"@id\":\"https:\/\/www.permapipe.com\/fr\/offres-demploi\/telechargement-du-cv\/\",\"url\":\"https:\/\/www.permapipe.com\/fr\/offres-demploi\/telechargement-du-cv\/\",\"name\":\"T\u00e9l\u00e9chargement du CV - Global Engineered Pipe Services\",\"isPartOf\":{\"@id\":\"https:\/\/www.permapipe.com\/#website\"},\"datePublished\":\"2021-10-07T20:22:16+00:00\",\"dateModified\":\"2023-11-29T03:53:57+00:00\",\"breadcrumb\":{\"@id\":\"https:\/\/www.permapipe.com\/fr\/offres-demploi\/telechargement-du-cv\/#breadcrumb\"},\"inLanguage\":\"fr-CA\",\"potentialAction\":[{\"@type\":\"ReadAction\",\"target\":[\"https:\/\/www.permapipe.com\/fr\/offres-demploi\/telechargement-du-cv\/\"]}]},{\"@type\":\"BreadcrumbList\",\"@id\":\"https:\/\/www.permapipe.com\/fr\/offres-demploi\/telechargement-du-cv\/#breadcrumb\",\"itemListElement\":[{\"@type\":\"ListItem\",\"position\":1,\"name\":\"Home\",\"item\":\"https:\/\/www.permapipe.com\/fr\/page-daccueil\/\"},{\"@type\":\"ListItem\",\"position\":2,\"name\":\"Offres d\u2019emploi\",\"item\":\"https:\/\/www.permapipe.com\/fr\/offres-demploi\/\"},{\"@type\":\"ListItem\",\"position\":3,\"name\":\"T\u00e9l\u00e9chargement du CV\"}]},{\"@type\":\"WebSite\",\"@id\":\"https:\/\/www.permapipe.com\/#website\",\"url\":\"https:\/\/www.permapipe.com\/\",\"name\":\"Global Engineered Pipe Services\",\"description\":\"\",\"publisher\":{\"@id\":\"https:\/\/www.permapipe.com\/#organization\"},\"potentialAction\":[{\"@type\":\"SearchAction\",\"target\":{\"@type\":\"EntryPoint\",\"urlTemplate\":\"https:\/\/www.permapipe.com\/?s={search_term_string}\"},\"query-input\":\"required name=search_term_string\"}],\"inLanguage\":\"fr-CA\"},{\"@type\":\"Organization\",\"@id\":\"https:\/\/www.permapipe.com\/#organization\",\"name\":\"PERMA-PIPE\",\"url\":\"https:\/\/www.permapipe.com\/\",\"logo\":{\"@type\":\"ImageObject\",\"inLanguage\":\"fr-CA\",\"@id\":\"https:\/\/www.permapipe.com\/#\/schema\/logo\/image\/\",\"url\":\"http:\/\/www.permapipe.com\/wp-content\/uploads\/2021\/04\/logo.png\",\"contentUrl\":\"http:\/\/www.permapipe.com\/wp-content\/uploads\/2021\/04\/logo.png\",\"width\":1842,\"height\":310,\"caption\":\"PERMA-PIPE\"},\"image\":{\"@id\":\"https:\/\/www.permapipe.com\/#\/schema\/logo\/image\/\"}}]}<\/script>\n<!-- \/ Yoast SEO Premium plugin. -->","yoast_head_json":{"title":"T\u00e9l\u00e9chargement du CV - Global Engineered Pipe Services","robots":{"index":"index","follow":"follow","max-snippet":"max-snippet:-1","max-image-preview":"max-image-preview:large","max-video-preview":"max-video-preview:-1"},"canonical":"https:\/\/www.permapipe.com\/fr\/offres-demploi\/telechargement-du-cv\/","og_locale":"fr_CA","og_type":"article","og_title":"T\u00e9l\u00e9chargement du CV","og_description":"T\u00e9l\u00e9chargement du CV Nous vous remercions de l\u2019int\u00e9r\u00eat que vous portez \u00e0 PERMA-PIPE.\u00a0 Vous pouvez t\u00e9l\u00e9charger votre CV, et nous le conserverons pour l\u2019examiner lors de futures offres d\u2019emploi correspondant \u00e0 vos comp\u00e9tences et \u00e0 votre exp\u00e9rience.","og_url":"https:\/\/www.permapipe.com\/fr\/offres-demploi\/telechargement-du-cv\/","og_site_name":"Global Engineered Pipe Services","article_modified_time":"2023-11-29T03:53:57+00:00","twitter_card":"summary_large_image","schema":{"@context":"https:\/\/schema.org","@graph":[{"@type":"WebPage","@id":"https:\/\/www.permapipe.com\/fr\/offres-demploi\/telechargement-du-cv\/","url":"https:\/\/www.permapipe.com\/fr\/offres-demploi\/telechargement-du-cv\/","name":"T\u00e9l\u00e9chargement du CV - Global Engineered Pipe Services","isPartOf":{"@id":"https:\/\/www.permapipe.com\/#website"},"datePublished":"2021-10-07T20:22:16+00:00","dateModified":"2023-11-29T03:53:57+00:00","breadcrumb":{"@id":"https:\/\/www.permapipe.com\/fr\/offres-demploi\/telechargement-du-cv\/#breadcrumb"},"inLanguage":"fr-CA","potentialAction":[{"@type":"ReadAction","target":["https:\/\/www.permapipe.com\/fr\/offres-demploi\/telechargement-du-cv\/"]}]},{"@type":"BreadcrumbList","@id":"https:\/\/www.permapipe.com\/fr\/offres-demploi\/telechargement-du-cv\/#breadcrumb","itemListElement":[{"@type":"ListItem","position":1,"name":"Home","item":"https:\/\/www.permapipe.com\/fr\/page-daccueil\/"},{"@type":"ListItem","position":2,"name":"Offres d\u2019emploi","item":"https:\/\/www.permapipe.com\/fr\/offres-demploi\/"},{"@type":"ListItem","position":3,"name":"T\u00e9l\u00e9chargement du CV"}]},{"@type":"WebSite","@id":"https:\/\/www.permapipe.com\/#website","url":"https:\/\/www.permapipe.com\/","name":"Global Engineered Pipe Services","description":"","publisher":{"@id":"https:\/\/www.permapipe.com\/#organization"},"potentialAction":[{"@type":"SearchAction","target":{"@type":"EntryPoint","urlTemplate":"https:\/\/www.permapipe.com\/?s={search_term_string}"},"query-input":"required name=search_term_string"}],"inLanguage":"fr-CA"},{"@type":"Organization","@id":"https:\/\/www.permapipe.com\/#organization","name":"PERMA-PIPE","url":"https:\/\/www.permapipe.com\/","logo":{"@type":"ImageObject","inLanguage":"fr-CA","@id":"https:\/\/www.permapipe.com\/#\/schema\/logo\/image\/","url":"http:\/\/www.permapipe.com\/wp-content\/uploads\/2021\/04\/logo.png","contentUrl":"http:\/\/www.permapipe.com\/wp-content\/uploads\/2021\/04\/logo.png","width":1842,"height":310,"caption":"PERMA-PIPE"},"image":{"@id":"https:\/\/www.permapipe.com\/#\/schema\/logo\/image\/"}}]}},"_links":{"self":[{"href":"https:\/\/www.permapipe.com\/fr\/wp-json\/wp\/v2\/pages\/12109"}],"collection":[{"href":"https:\/\/www.permapipe.com\/fr\/wp-json\/wp\/v2\/pages"}],"about":[{"href":"https:\/\/www.permapipe.com\/fr\/wp-json\/wp\/v2\/types\/page"}],"author":[{"embeddable":true,"href":"https:\/\/www.permapipe.com\/fr\/wp-json\/wp\/v2\/users\/1"}],"replies":[{"embeddable":true,"href":"https:\/\/www.permapipe.com\/fr\/wp-json\/wp\/v2\/comments?post=12109"}],"version-history":[{"count":1,"href":"https:\/\/www.permapipe.com\/fr\/wp-json\/wp\/v2\/pages\/12109\/revisions"}],"predecessor-version":[{"id":12139,"href":"https:\/\/www.permapipe.com\/fr\/wp-json\/wp\/v2\/pages\/12109\/revisions\/12139"}],"up":[{"embeddable":true,"href":"https:\/\/www.permapipe.com\/fr\/wp-json\/wp\/v2\/pages\/12087"}],"wp:attachment":[{"href":"https:\/\/www.permapipe.com\/fr\/wp-json\/wp\/v2\/media?parent=12109"}],"curies":[{"name":"wp","href":"https:\/\/api.w.org\/{rel}","templated":true}]}}