{"id":12103,"date":"2021-02-22T15:48:57","date_gmt":"2021-02-22T21:48:57","guid":{"rendered":"https:\/\/www.permapipe.com\/contacts\/ventes-directes\/"},"modified":"2023-11-28T21:53:52","modified_gmt":"2023-11-29T03:53:52","slug":"ventes-directes","status":"publish","type":"page","link":"https:\/\/www.permapipe.com\/fr\/contacts\/ventes-directes\/","title":{"rendered":"Ventes directes"},"content":{"rendered":"\t\t<div data-elementor-type=\"wp-page\" data-elementor-id=\"12103\" class=\"elementor elementor-12103 elementor-888\" data-elementor-post-type=\"page\">\n\t\t\t\t\t\t\t\t\t<section class=\"elementor-section elementor-top-section elementor-element elementor-element-849de2b elementor-section-height-min-height elementor-section-stretched elementor-section-boxed elementor-section-height-default elementor-section-items-middle\" data-id=\"849de2b\" data-element_type=\"section\" data-settings=\"{&quot;stretch_section&quot;:&quot;section-stretched&quot;,&quot;background_background&quot;:&quot;classic&quot;}\">\n\t\t\t\t\t\t<div class=\"elementor-container elementor-column-gap-default\">\n\t\t\t\t\t<div class=\"elementor-column elementor-col-100 elementor-top-column elementor-element elementor-element-92d9416\" data-id=\"92d9416\" data-element_type=\"column\">\n\t\t\t<div class=\"elementor-widget-wrap\">\n\t\t\t\t\t\t\t\t\t<\/div>\n\t\t<\/div>\n\t\t\t\t\t\t\t<\/div>\n\t\t<\/section>\n\t\t\t\t<section class=\"elementor-section elementor-top-section elementor-element elementor-element-c4894f9 elementor-section-stretched elementor-section-boxed elementor-section-height-default elementor-section-height-default\" data-id=\"c4894f9\" data-element_type=\"section\" data-settings=\"{&quot;stretch_section&quot;:&quot;section-stretched&quot;,&quot;background_background&quot;:&quot;classic&quot;}\">\n\t\t\t\t\t\t<div class=\"elementor-container elementor-column-gap-default\">\n\t\t\t\t\t<div class=\"elementor-column elementor-col-100 elementor-top-column elementor-element elementor-element-e055742\" data-id=\"e055742\" data-element_type=\"column\">\n\t\t\t<div class=\"elementor-widget-wrap elementor-element-populated\">\n\t\t\t\t\t\t\t\t<div class=\"elementor-element elementor-element-924c636 elementor-widget elementor-widget-heading\" data-id=\"924c636\" data-element_type=\"widget\" data-widget_type=\"heading.default\">\n\t\t\t\t<div class=\"elementor-widget-container\">\n\t\t\t<h2 class=\"elementor-heading-title elementor-size-default\">VENTES DIRECTES<\/h2>\t\t<\/div>\n\t\t\t\t<\/div>\n\t\t\t\t<div class=\"elementor-element elementor-element-25fd778 elementor-widget__width-initial elementor-widget elementor-widget-text-editor\" data-id=\"25fd778\" data-element_type=\"widget\" data-widget_type=\"text-editor.default\">\n\t\t\t\t<div class=\"elementor-widget-container\">\n\t\t\t\t\t\t\t<p>Le service est au c\u0153ur de tout ce que nous faisons. Aucun projet n\u2019est trop ambitieux ni trop petit pour que nous puissions vous aider, alors n\u2019h\u00e9sitez pas \u00e0 prendre contact avec nous.<\/p>\n\t\t\t\t\t\t<\/div>\n\t\t\t\t<\/div>\n\t\t\t\t<section class=\"elementor-section elementor-inner-section elementor-element elementor-element-d99d7f4 elementor-section-boxed elementor-section-height-default elementor-section-height-default\" data-id=\"d99d7f4\" data-element_type=\"section\" data-settings=\"{&quot;background_background&quot;:&quot;classic&quot;}\">\n\t\t\t\t\t\t<div class=\"elementor-container elementor-column-gap-default\">\n\t\t\t\t\t<div class=\"elementor-column elementor-col-100 elementor-inner-column elementor-element elementor-element-a69e721\" data-id=\"a69e721\" data-element_type=\"column\">\n\t\t\t<div class=\"elementor-widget-wrap elementor-element-populated\">\n\t\t\t\t\t\t\t\t<div class=\"elementor-element elementor-element-8ba56d2 elementor-widget elementor-widget-heading\" data-id=\"8ba56d2\" data-element_type=\"widget\" data-widget_type=\"heading.default\">\n\t\t\t\t<div class=\"elementor-widget-container\">\n\t\t\t<h2 class=\"elementor-heading-title elementor-size-default\">BUREAUX DES VENTES<\/h2>\t\t<\/div>\n\t\t\t\t<\/div>\n\t\t\t\t\t<\/div>\n\t\t<\/div>\n\t\t\t\t\t\t\t<\/div>\n\t\t<\/section>\n\t\t\t\t<section class=\"elementor-section elementor-inner-section elementor-element elementor-element-31aeb3f elementor-section-boxed elementor-section-height-default elementor-section-height-default\" data-id=\"31aeb3f\" data-element_type=\"section\" data-settings=\"{&quot;background_background&quot;:&quot;classic&quot;}\">\n\t\t\t\t\t\t<div class=\"elementor-container elementor-column-gap-default\">\n\t\t\t\t\t<div class=\"elementor-column elementor-col-100 elementor-inner-column elementor-element elementor-element-d48f836\" data-id=\"d48f836\" data-element_type=\"column\">\n\t\t\t<div class=\"elementor-widget-wrap elementor-element-populated\">\n\t\t\t\t\t\t\t\t<div class=\"elementor-element elementor-element-eaaf380 elementor-widget__width-initial elementor-widget elementor-widget-heading\" data-id=\"eaaf380\" data-element_type=\"widget\" data-widget_type=\"heading.default\">\n\t\t\t\t<div class=\"elementor-widget-container\">\n\t\t\t<h2 class=\"elementor-heading-title elementor-size-default\">AM\u00c9RIQUES<\/h2>\t\t<\/div>\n\t\t\t\t<\/div>\n\t\t\t\t<div class=\"elementor-element elementor-element-80495c2 elementor-widget elementor-widget-text-editor\" data-id=\"80495c2\" data-element_type=\"widget\" data-widget_type=\"text-editor.default\">\n\t\t\t\t<div class=\"elementor-widget-container\">\n\t\t\t\t\t\t\t<p><strong>PERMA-PIPE, Inc.<\/strong><br \/>6410 West Howard Street<br \/>Niles, Illinois 60714<br \/>847\u00a0966-2235<br \/><a href=\"mailto:support@permapipeconstructionequipment.online\"><u>support@permapipeconstructionequipment.online<\/u><\/a><\/p>\n\t\t\t\t\t\t<\/div>\n\t\t\t\t<\/div>\n\t\t\t\t<div class=\"elementor-element elementor-element-fa11604 elementor-widget elementor-widget-text-editor\" data-id=\"fa11604\" data-element_type=\"widget\" data-widget_type=\"text-editor.default\">\n\t\t\t\t<div class=\"elementor-widget-container\">\n\t\t\t\t\t\t\t<p>24900 Pitkin Road, Suite 309<br \/>Spring, Texas 77386<br \/>281\u00a0598-6222<br \/><a href=\"mailto:support@permapipeconstructionequipment.online\"><u>support@permapipeconstructionequipment.online<\/u><\/a><\/p>\n\t\t\t\t\t\t<\/div>\n\t\t\t\t<\/div>\n\t\t\t\t\t<\/div>\n\t\t<\/div>\n\t\t\t\t\t\t\t<\/div>\n\t\t<\/section>\n\t\t\t\t<section class=\"elementor-section elementor-inner-section elementor-element elementor-element-8aa63f3 elementor-section-boxed elementor-section-height-default elementor-section-height-default\" data-id=\"8aa63f3\" data-element_type=\"section\" data-settings=\"{&quot;background_background&quot;:&quot;classic&quot;}\">\n\t\t\t\t\t\t<div class=\"elementor-container elementor-column-gap-default\">\n\t\t\t\t\t<div class=\"elementor-column elementor-col-100 elementor-inner-column elementor-element elementor-element-da1c913\" data-id=\"da1c913\" data-element_type=\"column\">\n\t\t\t<div class=\"elementor-widget-wrap elementor-element-populated\">\n\t\t\t\t\t\t\t\t<div class=\"elementor-element elementor-element-0e54098 elementor-widget elementor-widget-text-editor\" data-id=\"0e54098\" data-element_type=\"widget\" data-widget_type=\"text-editor.default\">\n\t\t\t\t<div class=\"elementor-widget-container\">\n\t\t\t\t\t\t\t<p><strong>PERMA-PIPE Canada, Ltd.<\/strong><br \/>#1600, 407 2nd Street Southwest<br \/>Calgary, Alberta T2P 2Y3 Canada<br \/>403\u00a0264-4880<br \/><a href=\"mailto:support@permapipeconstructionequipment.online\"><u>support@permapipeconstructionequipment.online<\/u><\/a><\/p>\n\t\t\t\t\t\t<\/div>\n\t\t\t\t<\/div>\n\t\t\t\t<div class=\"elementor-element elementor-element-2e79785 elementor-widget elementor-widget-text-editor\" data-id=\"2e79785\" data-element_type=\"widget\" data-widget_type=\"text-editor.default\">\n\t\t\t\t<div class=\"elementor-widget-container\">\n\t\t\t\t\t\t\t<p><strong>PERMA-PIPE Canada, Ltd.<\/strong><br \/>123 Clement Street<br \/>Vars, Ontario K0A 3H0 Canada<br \/>613\u00a0907-8507<br \/><a href=\"mailto:support@permapipeconstructionequipment.online\"><u>support@permapipeconstructionequipment.online<\/u><\/a><\/p>\n\t\t\t\t\t\t<\/div>\n\t\t\t\t<\/div>\n\t\t\t\t\t<\/div>\n\t\t<\/div>\n\t\t\t\t\t\t\t<\/div>\n\t\t<\/section>\n\t\t\t\t<section class=\"elementor-section elementor-inner-section elementor-element elementor-element-d6eb804 elementor-section-boxed elementor-section-height-default elementor-section-height-default\" data-id=\"d6eb804\" data-element_type=\"section\" data-settings=\"{&quot;background_background&quot;:&quot;classic&quot;}\">\n\t\t\t\t\t\t<div class=\"elementor-container elementor-column-gap-default\">\n\t\t\t\t\t<div class=\"elementor-column elementor-col-100 elementor-inner-column elementor-element elementor-element-a9b74ff\" data-id=\"a9b74ff\" data-element_type=\"column\">\n\t\t\t<div class=\"elementor-widget-wrap elementor-element-populated\">\n\t\t\t\t\t\t\t\t<div class=\"elementor-element elementor-element-c7440b7 elementor-widget__width-initial elementor-widget elementor-widget-heading\" data-id=\"c7440b7\" data-element_type=\"widget\" data-widget_type=\"heading.default\">\n\t\t\t\t<div class=\"elementor-widget-container\">\n\t\t\t<h2 class=\"elementor-heading-title elementor-size-default\">MOYEN-ORIENT<\/h2>\t\t<\/div>\n\t\t\t\t<\/div>\n\t\t\t\t<div class=\"elementor-element elementor-element-bd3537a elementor-widget elementor-widget-text-editor\" data-id=\"bd3537a\" data-element_type=\"widget\" data-widget_type=\"text-editor.default\">\n\t\t\t\t<div class=\"elementor-widget-container\">\n\t\t\t\t\t\t\t<p><strong>PERMA-PIPE Moyen-Orient (FZC)<\/strong><br \/>Bloc\u00a0A; bureau\u00a0AG 06A-07<br \/>Headquarters Building<br \/>Dubai Silicon Oasis<br \/>Dubai, \u00c9mirats arabes unis<br \/>+971\u00a04\u00a0607-2010<br \/><a href=\"mailto:support@permapipeconstructionequipment.online\"><u>support@permapipeconstructionequipment.online<\/u><\/a><\/p>\n\t\t\t\t\t\t<\/div>\n\t\t\t\t<\/div>\n\t\t\t\t\t<\/div>\n\t\t<\/div>\n\t\t\t\t\t\t\t<\/div>\n\t\t<\/section>\n\t\t\t\t<section class=\"elementor-section elementor-inner-section elementor-element elementor-element-b79104c elementor-section-boxed elementor-section-height-default elementor-section-height-default\" data-id=\"b79104c\" data-element_type=\"section\" data-settings=\"{&quot;background_background&quot;:&quot;classic&quot;}\">\n\t\t\t\t\t\t<div class=\"elementor-container elementor-column-gap-default\">\n\t\t\t\t\t<div class=\"elementor-column elementor-col-100 elementor-inner-column elementor-element elementor-element-43bb9b8\" data-id=\"43bb9b8\" data-element_type=\"column\">\n\t\t\t<div class=\"elementor-widget-wrap elementor-element-populated\">\n\t\t\t\t\t\t\t\t<div class=\"elementor-element elementor-element-09c0dfd elementor-widget elementor-widget-text-editor\" data-id=\"09c0dfd\" data-element_type=\"widget\" data-widget_type=\"text-editor.default\">\n\t\t\t\t<div class=\"elementor-widget-container\">\n\t\t\t\t\t\t\t<p><strong>PERMA-PIPE Egypt S.A.E.<\/strong><br \/>43KM Route Le Caire Ismailia, ville Shorouk 3<br \/>Complexe LMakan, Villa\u00a04<br \/>Caire, \u00c9gypte<br \/>+002\u00a001202269110<br \/><a href=\"mailto:support@permapipeconstructionequipment.online\"><u>support@permapipeconstructionequipment.online<\/u><\/a><\/p>\n\t\t\t\t\t\t<\/div>\n\t\t\t\t<\/div>\n\t\t\t\t\t<\/div>\n\t\t<\/div>\n\t\t\t\t\t\t\t<\/div>\n\t\t<\/section>\n\t\t\t\t<section class=\"elementor-section elementor-inner-section elementor-element elementor-element-ba22c72 elementor-section-boxed elementor-section-height-default elementor-section-height-default\" data-id=\"ba22c72\" data-element_type=\"section\" data-settings=\"{&quot;background_background&quot;:&quot;classic&quot;}\">\n\t\t\t\t\t\t<div class=\"elementor-container elementor-column-gap-default\">\n\t\t\t\t\t<div class=\"elementor-column elementor-col-100 elementor-inner-column elementor-element elementor-element-906fefe\" data-id=\"906fefe\" data-element_type=\"column\">\n\t\t\t<div class=\"elementor-widget-wrap elementor-element-populated\">\n\t\t\t\t\t\t\t\t<div class=\"elementor-element elementor-element-b9689d2 elementor-widget elementor-widget-text-editor\" data-id=\"b9689d2\" data-element_type=\"widget\" data-widget_type=\"text-editor.default\">\n\t\t\t\t<div class=\"elementor-widget-container\">\n\t\t\t\t\t\t\t<p><strong>PERMA-PIPE Arabie saoudite, LLC<\/strong><br \/>Lot F-21\/1 Cit\u00e9 industrielle de Dammam 2<br \/>B.P 31198<br \/>Al Khobar 31952, Royaume d\u2019Arabie Saoudite<br \/>+966\u00a013\u00a0812-9500<br \/><a href=\"mailto:support@permapipeconstructionequipment.online\"><u>support@permapipeconstructionequipment.online<\/u><\/a><\/p>\n\t\t\t\t\t\t<\/div>\n\t\t\t\t<\/div>\n\t\t\t\t\t<\/div>\n\t\t<\/div>\n\t\t\t\t\t\t\t<\/div>\n\t\t<\/section>\n\t\t\t\t<section class=\"elementor-section elementor-inner-section elementor-element elementor-element-b73b2ba elementor-section-boxed elementor-section-height-default elementor-section-height-default\" data-id=\"b73b2ba\" data-element_type=\"section\" data-settings=\"{&quot;background_background&quot;:&quot;classic&quot;}\">\n\t\t\t\t\t\t<div class=\"elementor-container elementor-column-gap-default\">\n\t\t\t\t\t<div class=\"elementor-column elementor-col-100 elementor-inner-column elementor-element elementor-element-af4d218\" data-id=\"af4d218\" data-element_type=\"column\">\n\t\t\t<div class=\"elementor-widget-wrap elementor-element-populated\">\n\t\t\t\t\t\t\t\t<div class=\"elementor-element elementor-element-454f16b elementor-widget__width-initial elementor-widget elementor-widget-heading\" data-id=\"454f16b\" data-element_type=\"widget\" data-widget_type=\"heading.default\">\n\t\t\t\t<div class=\"elementor-widget-container\">\n\t\t\t<h2 class=\"elementor-heading-title elementor-size-default\">INDE<\/h2>\t\t<\/div>\n\t\t\t\t<\/div>\n\t\t\t\t<div class=\"elementor-element elementor-element-b53408b elementor-widget elementor-widget-text-editor\" data-id=\"b53408b\" data-element_type=\"widget\" data-widget_type=\"text-editor.default\">\n\t\t\t\t<div class=\"elementor-widget-container\">\n\t\t\t\t\t\t\t<p><strong>PERMA-PIPE Indie Pvt. Lt\u00e9.<\/strong><br \/>307, 3\u00a0e \u00e9tage, aile\u00a0A,<br \/>KNOX Plaza, Mind Space Area<br \/>Malad (W), Mumbai 400 064<br \/>+91\u00a022\u00a04003-6007<br \/><a href=\"mailto:support@permapipeconstructionequipment.online\"><u>support@permapipeconstructionequipment.online<\/u><\/a><\/p>\n\t\t\t\t\t\t<\/div>\n\t\t\t\t<\/div>\n\t\t\t\t<div class=\"elementor-element elementor-element-bb6657d elementor-widget-divider--view-line elementor-widget elementor-widget-divider\" data-id=\"bb6657d\" data-element_type=\"widget\" data-widget_type=\"divider.default\">\n\t\t\t\t<div class=\"elementor-widget-container\">\n\t\t\t\t\t<div class=\"elementor-divider\">\n\t\t\t<span class=\"elementor-divider-separator\">\n\t\t\t\t\t\t<\/span>\n\t\t<\/div>\n\t\t\t\t<\/div>\n\t\t\t\t<\/div>\n\t\t\t\t\t<\/div>\n\t\t<\/div>\n\t\t\t\t\t\t\t<\/div>\n\t\t<\/section>\n\t\t\t\t\t<\/div>\n\t\t<\/div>\n\t\t\t\t\t\t\t<\/div>\n\t\t<\/section>\n\t\t\t\t\t\t\t<\/div>\n\t\t","protected":false},"excerpt":{"rendered":"<p>VENTES DIRECTES Le service est au c\u0153ur de tout ce que nous faisons. Aucun projet n\u2019est trop ambitieux ni trop petit pour que nous puissions vous aider, alors n\u2019h\u00e9sitez pas \u00e0 prendre contact avec nous. BUREAUX DES VENTES AM\u00c9RIQUES PERMA-PIPE, Inc.6410 West Howard StreetNiles, Illinois 60714847\u00a0966-2235support@permapipeconstructionequipment.online 24900 Pitkin Road, Suite 309Spring, Texas 77386281\u00a0598-6222support@permapipeconstructionequipment.online PERMA-PIPE Canada, [&hellip;]<\/p>\n","protected":false},"author":1,"featured_media":0,"parent":11959,"menu_order":0,"comment_status":"closed","ping_status":"closed","template":"","meta":[],"yoast_head":"<!-- This site is optimized with the Yoast SEO Premium plugin v20.1 (Yoast SEO v20.1) - https:\/\/yoast.com\/wordpress\/plugins\/seo\/ -->\n<title>Ventes directes | PERMA-PIPE - Global Engineered Pipe Services<\/title>\n<meta name=\"description\" content=\"D\u00e9couvrez nos points de vente directe et les coordonn\u00e9es de la plupart des bureaux et entreprises PERMA-PIPE dans le monde.\" \/>\n<meta name=\"robots\" content=\"index, follow, max-snippet:-1, max-image-preview:large, max-video-preview:-1\" \/>\n<link rel=\"canonical\" href=\"https:\/\/www.permapipe.com\/fr\/contacts\/ventes-directes\/\" \/>\n<meta property=\"og:locale\" content=\"fr_CA\" \/>\n<meta property=\"og:type\" content=\"article\" \/>\n<meta property=\"og:title\" content=\"Ventes directes\" \/>\n<meta property=\"og:description\" content=\"D\u00e9couvrez nos points de vente directe et les coordonn\u00e9es de la plupart des bureaux et entreprises PERMA-PIPE dans le monde.\" \/>\n<meta property=\"og:url\" content=\"https:\/\/www.permapipe.com\/fr\/contacts\/ventes-directes\/\" \/>\n<meta property=\"og:site_name\" content=\"Global Engineered Pipe Services\" \/>\n<meta property=\"article:modified_time\" content=\"2023-11-29T03:53:52+00:00\" \/>\n<meta name=\"twitter:card\" content=\"summary_large_image\" \/>\n<meta name=\"twitter:label1\" content=\"Estimation du temps de lecture\" \/>\n\t<meta name=\"twitter:data1\" content=\"1 minute\" \/>\n<script type=\"application\/ld+json\" class=\"yoast-schema-graph\">{\"@context\":\"https:\/\/schema.org\",\"@graph\":[{\"@type\":\"WebPage\",\"@id\":\"https:\/\/www.permapipe.com\/fr\/contacts\/ventes-directes\/\",\"url\":\"https:\/\/www.permapipe.com\/fr\/contacts\/ventes-directes\/\",\"name\":\"Ventes directes | PERMA-PIPE - Global Engineered Pipe Services\",\"isPartOf\":{\"@id\":\"https:\/\/www.permapipe.com\/#website\"},\"datePublished\":\"2021-02-22T21:48:57+00:00\",\"dateModified\":\"2023-11-29T03:53:52+00:00\",\"description\":\"D\u00e9couvrez nos points de vente directe et les coordonn\u00e9es de la plupart des bureaux et entreprises PERMA-PIPE dans le monde.\",\"breadcrumb\":{\"@id\":\"https:\/\/www.permapipe.com\/fr\/contacts\/ventes-directes\/#breadcrumb\"},\"inLanguage\":\"fr-CA\",\"potentialAction\":[{\"@type\":\"ReadAction\",\"target\":[\"https:\/\/www.permapipe.com\/fr\/contacts\/ventes-directes\/\"]}]},{\"@type\":\"BreadcrumbList\",\"@id\":\"https:\/\/www.permapipe.com\/fr\/contacts\/ventes-directes\/#breadcrumb\",\"itemListElement\":[{\"@type\":\"ListItem\",\"position\":1,\"name\":\"Home\",\"item\":\"https:\/\/www.permapipe.com\/fr\/page-daccueil\/\"},{\"@type\":\"ListItem\",\"position\":2,\"name\":\"Contacts\",\"item\":\"https:\/\/www.permapipe.com\/fr\/contacts\/\"},{\"@type\":\"ListItem\",\"position\":3,\"name\":\"Ventes directes\"}]},{\"@type\":\"WebSite\",\"@id\":\"https:\/\/www.permapipe.com\/#website\",\"url\":\"https:\/\/www.permapipe.com\/\",\"name\":\"Global Engineered Pipe Services\",\"description\":\"\",\"publisher\":{\"@id\":\"https:\/\/www.permapipe.com\/#organization\"},\"potentialAction\":[{\"@type\":\"SearchAction\",\"target\":{\"@type\":\"EntryPoint\",\"urlTemplate\":\"https:\/\/www.permapipe.com\/?s={search_term_string}\"},\"query-input\":\"required name=search_term_string\"}],\"inLanguage\":\"fr-CA\"},{\"@type\":\"Organization\",\"@id\":\"https:\/\/www.permapipe.com\/#organization\",\"name\":\"PERMA-PIPE\",\"url\":\"https:\/\/www.permapipe.com\/\",\"logo\":{\"@type\":\"ImageObject\",\"inLanguage\":\"fr-CA\",\"@id\":\"https:\/\/www.permapipe.com\/#\/schema\/logo\/image\/\",\"url\":\"http:\/\/www.permapipe.com\/wp-content\/uploads\/2021\/04\/logo.png\",\"contentUrl\":\"http:\/\/www.permapipe.com\/wp-content\/uploads\/2021\/04\/logo.png\",\"width\":1842,\"height\":310,\"caption\":\"PERMA-PIPE\"},\"image\":{\"@id\":\"https:\/\/www.permapipe.com\/#\/schema\/logo\/image\/\"}}]}<\/script>\n<!-- \/ Yoast SEO Premium plugin. -->","yoast_head_json":{"title":"Ventes directes | PERMA-PIPE - Global Engineered Pipe Services","description":"D\u00e9couvrez nos points de vente directe et les coordonn\u00e9es de la plupart des bureaux et entreprises PERMA-PIPE dans le monde.","robots":{"index":"index","follow":"follow","max-snippet":"max-snippet:-1","max-image-preview":"max-image-preview:large","max-video-preview":"max-video-preview:-1"},"canonical":"https:\/\/www.permapipe.com\/fr\/contacts\/ventes-directes\/","og_locale":"fr_CA","og_type":"article","og_title":"Ventes directes","og_description":"D\u00e9couvrez nos points de vente directe et les coordonn\u00e9es de la plupart des bureaux et entreprises PERMA-PIPE dans le monde.","og_url":"https:\/\/www.permapipe.com\/fr\/contacts\/ventes-directes\/","og_site_name":"Global Engineered Pipe Services","article_modified_time":"2023-11-29T03:53:52+00:00","twitter_card":"summary_large_image","twitter_misc":{"Estimation du temps de lecture":"1 minute"},"schema":{"@context":"https:\/\/schema.org","@graph":[{"@type":"WebPage","@id":"https:\/\/www.permapipe.com\/fr\/contacts\/ventes-directes\/","url":"https:\/\/www.permapipe.com\/fr\/contacts\/ventes-directes\/","name":"Ventes directes | PERMA-PIPE - Global Engineered Pipe Services","isPartOf":{"@id":"https:\/\/www.permapipe.com\/#website"},"datePublished":"2021-02-22T21:48:57+00:00","dateModified":"2023-11-29T03:53:52+00:00","description":"D\u00e9couvrez nos points de vente directe et les coordonn\u00e9es de la plupart des bureaux et entreprises PERMA-PIPE dans le monde.","breadcrumb":{"@id":"https:\/\/www.permapipe.com\/fr\/contacts\/ventes-directes\/#breadcrumb"},"inLanguage":"fr-CA","potentialAction":[{"@type":"ReadAction","target":["https:\/\/www.permapipe.com\/fr\/contacts\/ventes-directes\/"]}]},{"@type":"BreadcrumbList","@id":"https:\/\/www.permapipe.com\/fr\/contacts\/ventes-directes\/#breadcrumb","itemListElement":[{"@type":"ListItem","position":1,"name":"Home","item":"https:\/\/www.permapipe.com\/fr\/page-daccueil\/"},{"@type":"ListItem","position":2,"name":"Contacts","item":"https:\/\/www.permapipe.com\/fr\/contacts\/"},{"@type":"ListItem","position":3,"name":"Ventes directes"}]},{"@type":"WebSite","@id":"https:\/\/www.permapipe.com\/#website","url":"https:\/\/www.permapipe.com\/","name":"Global Engineered Pipe Services","description":"","publisher":{"@id":"https:\/\/www.permapipe.com\/#organization"},"potentialAction":[{"@type":"SearchAction","target":{"@type":"EntryPoint","urlTemplate":"https:\/\/www.permapipe.com\/?s={search_term_string}"},"query-input":"required name=search_term_string"}],"inLanguage":"fr-CA"},{"@type":"Organization","@id":"https:\/\/www.permapipe.com\/#organization","name":"PERMA-PIPE","url":"https:\/\/www.permapipe.com\/","logo":{"@type":"ImageObject","inLanguage":"fr-CA","@id":"https:\/\/www.permapipe.com\/#\/schema\/logo\/image\/","url":"http:\/\/www.permapipe.com\/wp-content\/uploads\/2021\/04\/logo.png","contentUrl":"http:\/\/www.permapipe.com\/wp-content\/uploads\/2021\/04\/logo.png","width":1842,"height":310,"caption":"PERMA-PIPE"},"image":{"@id":"https:\/\/www.permapipe.com\/#\/schema\/logo\/image\/"}}]}},"_links":{"self":[{"href":"https:\/\/www.permapipe.com\/fr\/wp-json\/wp\/v2\/pages\/12103"}],"collection":[{"href":"https:\/\/www.permapipe.com\/fr\/wp-json\/wp\/v2\/pages"}],"about":[{"href":"https:\/\/www.permapipe.com\/fr\/wp-json\/wp\/v2\/types\/page"}],"author":[{"embeddable":true,"href":"https:\/\/www.permapipe.com\/fr\/wp-json\/wp\/v2\/users\/1"}],"replies":[{"embeddable":true,"href":"https:\/\/www.permapipe.com\/fr\/wp-json\/wp\/v2\/comments?post=12103"}],"version-history":[{"count":1,"href":"https:\/\/www.permapipe.com\/fr\/wp-json\/wp\/v2\/pages\/12103\/revisions"}],"predecessor-version":[{"id":12114,"href":"https:\/\/www.permapipe.com\/fr\/wp-json\/wp\/v2\/pages\/12103\/revisions\/12114"}],"up":[{"embeddable":true,"href":"https:\/\/www.permapipe.com\/fr\/wp-json\/wp\/v2\/pages\/11959"}],"wp:attachment":[{"href":"https:\/\/www.permapipe.com\/fr\/wp-json\/wp\/v2\/media?parent=12103"}],"curies":[{"name":"wp","href":"https:\/\/api.w.org\/{rel}","templated":true}]}}