{"id":12037,"date":"2021-02-17T03:23:29","date_gmt":"2021-02-17T09:23:29","guid":{"rendered":"https:\/\/www.permapipe.com\/faites-connaissance-avec-notre-pdg\/"},"modified":"2023-11-28T21:53:52","modified_gmt":"2023-11-29T03:53:52","slug":"faites-connaissance-avec-notre-pdg","status":"publish","type":"page","link":"https:\/\/www.permapipe.com\/fr\/a-propos\/faites-connaissance-avec-notre-pdg\/","title":{"rendered":"Faites connaissance avec notre PDG"},"content":{"rendered":"\t\t<div data-elementor-type=\"wp-page\" data-elementor-id=\"12037\" class=\"elementor elementor-12037 elementor-737\" data-elementor-post-type=\"page\">\n\t\t\t\t\t\t\t\t\t<section class=\"elementor-section elementor-top-section elementor-element elementor-element-1e79c51 elementor-section-stretched elementor-section-boxed elementor-section-height-default elementor-section-height-default\" data-id=\"1e79c51\" data-element_type=\"section\" data-settings=\"{&quot;stretch_section&quot;:&quot;section-stretched&quot;,&quot;background_background&quot;:&quot;classic&quot;}\">\n\t\t\t\t\t\t<div class=\"elementor-container elementor-column-gap-default\">\n\t\t\t\t\t<div class=\"elementor-column elementor-col-50 elementor-top-column elementor-element elementor-element-376f265\" data-id=\"376f265\" data-element_type=\"column\">\n\t\t\t<div class=\"elementor-widget-wrap elementor-element-populated\">\n\t\t\t\t\t\t\t\t<div class=\"elementor-element elementor-element-f67e8f0 elementor-widget elementor-widget-text-editor\" data-id=\"f67e8f0\" data-element_type=\"widget\" data-widget_type=\"text-editor.default\">\n\t\t\t\t<div class=\"elementor-widget-container\">\n\t\t\t\t\t\t\t<div id=\"comp-k3orwbo7\" class=\"_1Z_nJ\" data-testid=\"richTextElement\">\n<p class=\"font_2\">David J. Mansfield<\/p>\n<\/div>\n\t\t\t\t\t\t<\/div>\n\t\t\t\t<\/div>\n\t\t\t\t<div class=\"elementor-element elementor-element-5bcd038 elementor-widget elementor-widget-text-editor\" data-id=\"5bcd038\" data-element_type=\"widget\" data-widget_type=\"text-editor.default\">\n\t\t\t\t<div class=\"elementor-widget-container\">\n\t\t\t\t\t\t\t<p>Pr\u00e9sident-directeur g\u00e9n\u00e9ral<br \/>PERMA-PIPE International Holdings, Inc.<\/p>\n\t\t\t\t\t\t<\/div>\n\t\t\t\t<\/div>\n\t\t\t\t\t<\/div>\n\t\t<\/div>\n\t\t\t\t<div class=\"elementor-column elementor-col-50 elementor-top-column elementor-element elementor-element-c0425fd\" data-id=\"c0425fd\" data-element_type=\"column\">\n\t\t\t<div class=\"elementor-widget-wrap elementor-element-populated\">\n\t\t\t\t\t\t\t\t<div class=\"elementor-element elementor-element-a222361 elementor-widget elementor-widget-image\" data-id=\"a222361\" data-element_type=\"widget\" data-widget_type=\"image.default\">\n\t\t\t\t<div class=\"elementor-widget-container\">\n\t\t\t\t\t\t\t\t\t\t\t\t\t\t\t<img width=\"640\" height=\"728\" src=\"https:\/\/www.permapipe.com\/wp-content\/uploads\/2021\/02\/ceolow.png\" class=\"attachment-large size-large wp-image-739\" alt=\"\" loading=\"lazy\" srcset=\"https:\/\/www.permapipe.com\/wp-content\/uploads\/2021\/02\/ceolow.png 750w, https:\/\/www.permapipe.com\/wp-content\/uploads\/2021\/02\/ceolow-264x300.png 264w\" sizes=\"(max-width: 640px) 100vw, 640px\" \/>\t\t\t\t\t\t\t\t\t\t\t\t\t\t\t<\/div>\n\t\t\t\t<\/div>\n\t\t\t\t\t<\/div>\n\t\t<\/div>\n\t\t\t\t\t\t\t<\/div>\n\t\t<\/section>\n\t\t\t\t<section class=\"elementor-section elementor-top-section elementor-element elementor-element-0ee7ebf elementor-section-boxed elementor-section-height-default elementor-section-height-default\" data-id=\"0ee7ebf\" data-element_type=\"section\">\n\t\t\t\t\t\t<div class=\"elementor-container elementor-column-gap-default\">\n\t\t\t\t\t<div class=\"elementor-column elementor-col-100 elementor-top-column elementor-element elementor-element-ca6ceeb\" data-id=\"ca6ceeb\" data-element_type=\"column\">\n\t\t\t<div class=\"elementor-widget-wrap elementor-element-populated\">\n\t\t\t\t\t\t\t\t<div class=\"elementor-element elementor-element-fd4e2c7 elementor-widget elementor-widget-heading\" data-id=\"fd4e2c7\" data-element_type=\"widget\" data-widget_type=\"heading.default\">\n\t\t\t\t<div class=\"elementor-widget-container\">\n\t\t\t<h2 class=\"elementor-heading-title elementor-size-medium\"> Un message de notre PDG<\/h2>\t\t<\/div>\n\t\t\t\t<\/div>\n\t\t\t\t<div class=\"elementor-element elementor-element-421466e elementor-widget elementor-widget-text-editor\" data-id=\"421466e\" data-element_type=\"widget\" data-widget_type=\"text-editor.default\">\n\t\t\t\t<div class=\"elementor-widget-container\">\n\t\t\t\t\t\t\t<p class=\"font_4\">Bienvenue sur le site PERMA-PIPE Je vous remercie sinc\u00e8rement d\u2019avoir pris le temps d\u2019en apprendre davantage sur notre soci\u00e9t\u00e9.<\/p>\n<p class=\"font_4\">\u00ab\u00a0La culture d\u2019entreprise de PERMA-PIPE se d\u00e9finit par un ensemble simple de valeurs fondamentales qui d\u00e9terminent notre mode de fonctionnement quotidien\u00a0: s\u00e9curit\u00e9, valorisation du personnel, int\u00e9grit\u00e9, travail d\u2019\u00e9quipe, respect et responsabilit\u00e9. Ces valeurs refl\u00e8tent la mani\u00e8re dont nous interagissons avec nos clients, nos employ\u00e9s, nos partenaires et nos communaut\u00e9s. En faisant preuve de la plus grande int\u00e9grit\u00e9 et du plus grand respect, nous assurons mutuellement la responsabilit\u00e9 en ce qui a trait \u00e0 la cr\u00e9ation d\u2019une soci\u00e9t\u00e9 pour laquelle nous pouvons tous \u00eatre fiers de travailler et en laquelle les clients peuvent avoir confiance.\u00a0\u00bb<\/p>\n<p>La r\u00e9ussite de PERMA-PIPE repose sur sa longue histoire, son excellence en mati\u00e8re de fabrication, ses partenariats solides, son service \u00e0 la client\u00e8le de qualit\u00e9 sup\u00e9rieure, son expertise technique et l\u2019ex\u00e9cution r\u00e9ussie de projets \u00e0 l\u2019\u00e9chelle mondiale. En outre, Perma-Pipe continue d\u2019innover, d\u2019am\u00e9liorer ses activit\u00e9s, d\u2019\u00e9laborer de nouvelles solutions pour relever les d\u00e9fis complexes du march\u00e9 et maintenir son niveau de s\u00e9curit\u00e9 in\u00e9gal\u00e9.<\/p>\n<p>Tout \u00e7a est possible gr\u00e2ce \u00e0 notre \u00e9quipe d\u2019employ\u00e9s et nos partenaires chevronn\u00e9s, qui nous permettent d\u2019exercer nos activit\u00e9s de mani\u00e8re concurrentielle, efficace et efficiente en offrant \u00e0 nos clients ce qu\u2019il y a de mieux. Sans leurs capacit\u00e9s, leur r\u00e9silience et leur loyaut\u00e9, ces r\u00e9sultats ne seraient pas possibles.<\/p>\n<p>Quelle que soit la raison pour laquelle vous avez d\u00e9cid\u00e9 de consulter notre site Web, j\u2019esp\u00e8re que vous aurez r\u00e9ussi \u00e0 comprendre et \u00e0 appr\u00e9cier le personnel de notre soci\u00e9t\u00e9 et les valeurs que nous partageons. Lorsque vous faites affaire avec PERMA-PIPE, vous pouvez \u00eatre assur\u00e9 que vous aurez droit \u00e0 ce qu\u2019il y a de mieux du d\u00e9but \u00e0 la fin de votre projet.<\/p>\n<p>Je suis enthousiaste quant \u00e0 notre avenir et \u00e0 celui de nos clients. N\u2019h\u00e9sitez pas \u00e0 contacter notre \u00e9quipe si vous avez besoin d\u2019aide.<\/p>\n\t\t\t\t\t\t<\/div>\n\t\t\t\t<\/div>\n\t\t\t\t\t<\/div>\n\t\t<\/div>\n\t\t\t\t\t\t\t<\/div>\n\t\t<\/section>\n\t\t\t\t<section class=\"elementor-section elementor-top-section elementor-element elementor-element-9ee3418 elementor-section-boxed elementor-section-height-default elementor-section-height-default\" data-id=\"9ee3418\" data-element_type=\"section\">\n\t\t\t\t\t\t<div class=\"elementor-container elementor-column-gap-default\">\n\t\t\t\t\t<div class=\"elementor-column elementor-col-100 elementor-top-column elementor-element elementor-element-1a43063\" data-id=\"1a43063\" data-element_type=\"column\">\n\t\t\t<div class=\"elementor-widget-wrap elementor-element-populated\">\n\t\t\t\t\t\t\t\t<div class=\"elementor-element elementor-element-2754174 elementor-widget elementor-widget-spacer\" data-id=\"2754174\" data-element_type=\"widget\" data-widget_type=\"spacer.default\">\n\t\t\t\t<div class=\"elementor-widget-container\">\n\t\t\t\t\t<div class=\"elementor-spacer\">\n\t\t\t<div class=\"elementor-spacer-inner\"><\/div>\n\t\t<\/div>\n\t\t\t\t<\/div>\n\t\t\t\t<\/div>\n\t\t\t\t\t<\/div>\n\t\t<\/div>\n\t\t\t\t\t\t\t<\/div>\n\t\t<\/section>\n\t\t\t\t\t\t\t<\/div>\n\t\t","protected":false},"excerpt":{"rendered":"<p>David J. Mansfield Pr\u00e9sident-directeur g\u00e9n\u00e9ralPERMA-PIPE International Holdings, Inc. Un message de notre PDG Bienvenue sur le site PERMA-PIPE Je vous remercie sinc\u00e8rement d\u2019avoir pris le temps d\u2019en apprendre davantage sur notre soci\u00e9t\u00e9. \u00ab\u00a0La culture d\u2019entreprise de PERMA-PIPE se d\u00e9finit par un ensemble simple de valeurs fondamentales qui d\u00e9terminent notre mode de fonctionnement quotidien\u00a0: s\u00e9curit\u00e9, valorisation [&hellip;]<\/p>\n","protected":false},"author":1,"featured_media":0,"parent":12080,"menu_order":0,"comment_status":"closed","ping_status":"closed","template":"","meta":[],"yoast_head":"<!-- This site is optimized with the Yoast SEO Premium plugin v20.1 (Yoast SEO v20.1) - https:\/\/yoast.com\/wordpress\/plugins\/seo\/ -->\n<title>Faites connaissance avec notre PDG - Global Engineered Pipe Services<\/title>\n<meta name=\"robots\" content=\"index, follow, max-snippet:-1, max-image-preview:large, max-video-preview:-1\" \/>\n<link rel=\"canonical\" href=\"https:\/\/www.permapipe.com\/fr\/faites-connaissance-avec-notre-pdg\/\" \/>\n<meta property=\"og:locale\" content=\"fr_CA\" \/>\n<meta property=\"og:type\" content=\"article\" \/>\n<meta property=\"og:title\" content=\"Faites connaissance avec notre PDG\" \/>\n<meta property=\"og:description\" content=\"David J. Mansfield Pr\u00e9sident-directeur g\u00e9n\u00e9ralPERMA-PIPE International Holdings, Inc. Un message de notre PDG Bienvenue sur le site PERMA-PIPE Je vous remercie sinc\u00e8rement d\u2019avoir pris le temps d\u2019en apprendre davantage sur notre soci\u00e9t\u00e9. \u00ab\u00a0La culture d\u2019entreprise de PERMA-PIPE se d\u00e9finit par un ensemble simple de valeurs fondamentales qui d\u00e9terminent notre mode de fonctionnement quotidien\u00a0: s\u00e9curit\u00e9, valorisation [&hellip;]\" \/>\n<meta property=\"og:url\" content=\"https:\/\/www.permapipe.com\/fr\/faites-connaissance-avec-notre-pdg\/\" \/>\n<meta property=\"og:site_name\" content=\"Global Engineered Pipe Services\" \/>\n<meta property=\"article:modified_time\" content=\"2023-11-29T03:53:52+00:00\" \/>\n<meta property=\"og:image\" content=\"https:\/\/www.permapipe.com\/wp-content\/uploads\/2021\/02\/ceolow.png\" \/>\n<meta name=\"twitter:card\" content=\"summary_large_image\" \/>\n<meta name=\"twitter:label1\" content=\"Estimation du temps de lecture\" \/>\n\t<meta name=\"twitter:data1\" content=\"2 minutes\" \/>\n<script type=\"application\/ld+json\" class=\"yoast-schema-graph\">{\"@context\":\"https:\/\/schema.org\",\"@graph\":[{\"@type\":\"WebPage\",\"@id\":\"https:\/\/www.permapipe.com\/fr\/faites-connaissance-avec-notre-pdg\/\",\"url\":\"https:\/\/www.permapipe.com\/fr\/faites-connaissance-avec-notre-pdg\/\",\"name\":\"Faites connaissance avec notre PDG - Global Engineered Pipe Services\",\"isPartOf\":{\"@id\":\"https:\/\/www.permapipe.com\/#website\"},\"datePublished\":\"2021-02-17T09:23:29+00:00\",\"dateModified\":\"2023-11-29T03:53:52+00:00\",\"breadcrumb\":{\"@id\":\"https:\/\/www.permapipe.com\/fr\/faites-connaissance-avec-notre-pdg\/#breadcrumb\"},\"inLanguage\":\"fr-CA\",\"potentialAction\":[{\"@type\":\"ReadAction\",\"target\":[\"https:\/\/www.permapipe.com\/fr\/faites-connaissance-avec-notre-pdg\/\"]}]},{\"@type\":\"BreadcrumbList\",\"@id\":\"https:\/\/www.permapipe.com\/fr\/faites-connaissance-avec-notre-pdg\/#breadcrumb\",\"itemListElement\":[{\"@type\":\"ListItem\",\"position\":1,\"name\":\"Home\",\"item\":\"https:\/\/www.permapipe.com\/fr\/page-daccueil\/\"},{\"@type\":\"ListItem\",\"position\":2,\"name\":\"Faites connaissance avec notre PDG\"}]},{\"@type\":\"WebSite\",\"@id\":\"https:\/\/www.permapipe.com\/#website\",\"url\":\"https:\/\/www.permapipe.com\/\",\"name\":\"Global Engineered Pipe Services\",\"description\":\"\",\"publisher\":{\"@id\":\"https:\/\/www.permapipe.com\/#organization\"},\"potentialAction\":[{\"@type\":\"SearchAction\",\"target\":{\"@type\":\"EntryPoint\",\"urlTemplate\":\"https:\/\/www.permapipe.com\/?s={search_term_string}\"},\"query-input\":\"required name=search_term_string\"}],\"inLanguage\":\"fr-CA\"},{\"@type\":\"Organization\",\"@id\":\"https:\/\/www.permapipe.com\/#organization\",\"name\":\"PERMA-PIPE\",\"url\":\"https:\/\/www.permapipe.com\/\",\"logo\":{\"@type\":\"ImageObject\",\"inLanguage\":\"fr-CA\",\"@id\":\"https:\/\/www.permapipe.com\/#\/schema\/logo\/image\/\",\"url\":\"http:\/\/www.permapipe.com\/wp-content\/uploads\/2021\/04\/logo.png\",\"contentUrl\":\"http:\/\/www.permapipe.com\/wp-content\/uploads\/2021\/04\/logo.png\",\"width\":1842,\"height\":310,\"caption\":\"PERMA-PIPE\"},\"image\":{\"@id\":\"https:\/\/www.permapipe.com\/#\/schema\/logo\/image\/\"}}]}<\/script>\n<!-- \/ Yoast SEO Premium plugin. -->","yoast_head_json":{"title":"Faites connaissance avec notre PDG - Global Engineered Pipe Services","robots":{"index":"index","follow":"follow","max-snippet":"max-snippet:-1","max-image-preview":"max-image-preview:large","max-video-preview":"max-video-preview:-1"},"canonical":"https:\/\/www.permapipe.com\/fr\/faites-connaissance-avec-notre-pdg\/","og_locale":"fr_CA","og_type":"article","og_title":"Faites connaissance avec notre PDG","og_description":"David J. Mansfield Pr\u00e9sident-directeur g\u00e9n\u00e9ralPERMA-PIPE International Holdings, Inc. Un message de notre PDG Bienvenue sur le site PERMA-PIPE Je vous remercie sinc\u00e8rement d\u2019avoir pris le temps d\u2019en apprendre davantage sur notre soci\u00e9t\u00e9. \u00ab\u00a0La culture d\u2019entreprise de PERMA-PIPE se d\u00e9finit par un ensemble simple de valeurs fondamentales qui d\u00e9terminent notre mode de fonctionnement quotidien\u00a0: s\u00e9curit\u00e9, valorisation [&hellip;]","og_url":"https:\/\/www.permapipe.com\/fr\/faites-connaissance-avec-notre-pdg\/","og_site_name":"Global Engineered Pipe Services","article_modified_time":"2023-11-29T03:53:52+00:00","og_image":[{"url":"https:\/\/www.permapipe.com\/wp-content\/uploads\/2021\/02\/ceolow.png"}],"twitter_card":"summary_large_image","twitter_misc":{"Estimation du temps de lecture":"2 minutes"},"schema":{"@context":"https:\/\/schema.org","@graph":[{"@type":"WebPage","@id":"https:\/\/www.permapipe.com\/fr\/faites-connaissance-avec-notre-pdg\/","url":"https:\/\/www.permapipe.com\/fr\/faites-connaissance-avec-notre-pdg\/","name":"Faites connaissance avec notre PDG - Global Engineered Pipe Services","isPartOf":{"@id":"https:\/\/www.permapipe.com\/#website"},"datePublished":"2021-02-17T09:23:29+00:00","dateModified":"2023-11-29T03:53:52+00:00","breadcrumb":{"@id":"https:\/\/www.permapipe.com\/fr\/faites-connaissance-avec-notre-pdg\/#breadcrumb"},"inLanguage":"fr-CA","potentialAction":[{"@type":"ReadAction","target":["https:\/\/www.permapipe.com\/fr\/faites-connaissance-avec-notre-pdg\/"]}]},{"@type":"BreadcrumbList","@id":"https:\/\/www.permapipe.com\/fr\/faites-connaissance-avec-notre-pdg\/#breadcrumb","itemListElement":[{"@type":"ListItem","position":1,"name":"Home","item":"https:\/\/www.permapipe.com\/fr\/page-daccueil\/"},{"@type":"ListItem","position":2,"name":"Faites connaissance avec notre PDG"}]},{"@type":"WebSite","@id":"https:\/\/www.permapipe.com\/#website","url":"https:\/\/www.permapipe.com\/","name":"Global Engineered Pipe Services","description":"","publisher":{"@id":"https:\/\/www.permapipe.com\/#organization"},"potentialAction":[{"@type":"SearchAction","target":{"@type":"EntryPoint","urlTemplate":"https:\/\/www.permapipe.com\/?s={search_term_string}"},"query-input":"required name=search_term_string"}],"inLanguage":"fr-CA"},{"@type":"Organization","@id":"https:\/\/www.permapipe.com\/#organization","name":"PERMA-PIPE","url":"https:\/\/www.permapipe.com\/","logo":{"@type":"ImageObject","inLanguage":"fr-CA","@id":"https:\/\/www.permapipe.com\/#\/schema\/logo\/image\/","url":"http:\/\/www.permapipe.com\/wp-content\/uploads\/2021\/04\/logo.png","contentUrl":"http:\/\/www.permapipe.com\/wp-content\/uploads\/2021\/04\/logo.png","width":1842,"height":310,"caption":"PERMA-PIPE"},"image":{"@id":"https:\/\/www.permapipe.com\/#\/schema\/logo\/image\/"}}]}},"_links":{"self":[{"href":"https:\/\/www.permapipe.com\/fr\/wp-json\/wp\/v2\/pages\/12037"}],"collection":[{"href":"https:\/\/www.permapipe.com\/fr\/wp-json\/wp\/v2\/pages"}],"about":[{"href":"https:\/\/www.permapipe.com\/fr\/wp-json\/wp\/v2\/types\/page"}],"author":[{"embeddable":true,"href":"https:\/\/www.permapipe.com\/fr\/wp-json\/wp\/v2\/users\/1"}],"replies":[{"embeddable":true,"href":"https:\/\/www.permapipe.com\/fr\/wp-json\/wp\/v2\/comments?post=12037"}],"version-history":[{"count":1,"href":"https:\/\/www.permapipe.com\/fr\/wp-json\/wp\/v2\/pages\/12037\/revisions"}],"predecessor-version":[{"id":12046,"href":"https:\/\/www.permapipe.com\/fr\/wp-json\/wp\/v2\/pages\/12037\/revisions\/12046"}],"up":[{"embeddable":true,"href":"https:\/\/www.permapipe.com\/fr\/wp-json\/wp\/v2\/pages\/12080"}],"wp:attachment":[{"href":"https:\/\/www.permapipe.com\/fr\/wp-json\/wp\/v2\/media?parent=12037"}],"curies":[{"name":"wp","href":"https:\/\/api.w.org\/{rel}","templated":true}]}}